{"id":1467,"date":"2021-08-10T03:32:32","date_gmt":"2021-08-10T06:32:32","guid":{"rendered":"https:\/\/iescubas-cat.infd.edu.ar\/sitio\/?page_id=1467"},"modified":"2026-03-23T12:16:04","modified_gmt":"2026-03-23T15:16:04","slug":"nuestro-instituto","status":"publish","type":"page","link":"https:\/\/iescubas-cat.infd.edu.ar\/sitio\/nuestro-instituto\/","title":{"rendered":"NUESTRO INSTITUTO"},"content":{"rendered":"\n<p><strong>NORMATIVAS<\/strong><\/p>\n\n\n\n<p>NORMATIVAS PROVINCIALES<\/p>\n\n\n\n<p><strong><a href=\"https:\/\/drive.google.com\/file\/d\/1-CaeDQQDgBlHeF9V1vrrlli2lEE2I_wz\/view?usp=sharing\" data-type=\"URL\" data-id=\"https:\/\/drive.google.com\/file\/d\/1-CaeDQQDgBlHeF9V1vrrlli2lEE2I_wz\/view?usp=sharing\">R.A.M.<\/a><\/strong>    <a href=\"https:\/\/drive.google.com\/file\/d\/1-CaeDQQDgBlHeF9V1vrrlli2lEE2I_wz\/view?usp=sharing\" data-type=\"URL\" data-id=\"https:\/\/drive.google.com\/file\/d\/1-CaeDQQDgBlHeF9V1vrrlli2lEE2I_wz\/view?usp=sharing\"><img decoding=\"async\" loading=\"lazy\" width=\"236\" height=\"213\" class=\"wp-image-7189\" style=\"width: 90px;\" src=\"https:\/\/iescubas-cat.infd.edu.ar\/sitio\/wp-content\/uploads\/2025\/07\/PDF.jpg\" alt=\"\"><\/a><\/p>\n\n\n\n<p><strong><a href=\"https:\/\/drive.google.com\/file\/d\/18VhKw7h6ekhzmHvK4-b1CERJXeM7JEnq\/view?usp=sharing\" data-type=\"URL\" data-id=\"https:\/\/drive.google.com\/file\/d\/18VhKw7h6ekhzmHvK4-b1CERJXeM7JEnq\/view?usp=sharing\">R.O.M.<\/a><\/strong>  <a href=\"https:\/\/drive.google.com\/file\/d\/18VhKw7h6ekhzmHvK4-b1CERJXeM7JEnq\/view?usp=sharing\" data-type=\"URL\" data-id=\"https:\/\/drive.google.com\/file\/d\/18VhKw7h6ekhzmHvK4-b1CERJXeM7JEnq\/view?usp=sharing\"><img decoding=\"async\" loading=\"lazy\" width=\"236\" height=\"213\" class=\"wp-image-7189\" style=\"width: 88px;\" src=\"https:\/\/iescubas-cat.infd.edu.ar\/sitio\/wp-content\/uploads\/2025\/07\/PDF.jpg\" alt=\"\"><\/a>  <\/p>\n\n\n\n<p>DE NUESTRO INSTITUTO<\/p>\n\n\n\n<p><strong><a rel=\"noreferrer noopener\" href=\"https:\/\/drive.google.com\/file\/d\/1y7mlwqKil6z5sDQXP_SymrX3JGmNBNJ-\/view?usp=sharing\" data-type=\"URL\" data-id=\"https:\/\/drive.google.com\/file\/d\/1y7mlwqKil6z5sDQXP_SymrX3JGmNBNJ-\/view?usp=sharing\" target=\"_blank\">R.A.I.<\/a><\/strong><img decoding=\"async\" loading=\"lazy\" width=\"236\" height=\"213\" class=\"wp-image-7189\" style=\"width: 70px;\" src=\"https:\/\/iescubas-cat.infd.edu.ar\/sitio\/wp-content\/uploads\/2025\/07\/PDF.jpg\" alt=\"\">  <\/p>\n\n\n\n<p><a rel=\"noreferrer noopener\" href=\"https:\/\/drive.google.com\/file\/d\/1-TtKYjgBiwKaWFribMoigUJRRoXBnmoE\/view?usp=sharing\" data-type=\"URL\" data-id=\"https:\/\/drive.google.com\/file\/d\/1-TtKYjgBiwKaWFribMoigUJRRoXBnmoE\/view?usp=sharing\" target=\"_blank\">DISPOSICI\u00d3N INTERNA PARA PRODUCCI\u00d3N DE P.C.A. Y PROYECTOS DE PR\u00c1CTICA<\/a> <a rel=\"noreferrer noopener\" href=\"https:\/\/drive.google.com\/file\/d\/1-TtKYjgBiwKaWFribMoigUJRRoXBnmoE\/view?usp=sharing\" data-type=\"URL\" data-id=\"https:\/\/drive.google.com\/file\/d\/1-TtKYjgBiwKaWFribMoigUJRRoXBnmoE\/view?usp=sharing\" target=\"_blank\"><img decoding=\"async\" loading=\"lazy\" width=\"236\" height=\"213\" class=\"wp-image-7189\" style=\"width: 75px;\" src=\"https:\/\/iescubas-cat.infd.edu.ar\/sitio\/wp-content\/uploads\/2025\/07\/PDF.jpg\" alt=\"\"><\/a> <\/p>\n","protected":false},"excerpt":{"rendered":"<p>NORMATIVAS NORMATIVAS PROVINCIALES R.A.M. R.O.M. DE NUESTRO INSTITUTO R.A.I. DISPOSICI\u00d3N INTERNA PARA PRODUCCI\u00d3N DE P.C.A. Y PROYECTOS DE PR\u00c1CTICA<\/p>\n","protected":false},"author":238,"featured_media":0,"parent":0,"menu_order":0,"comment_status":"closed","ping_status":"closed","template":"","meta":[],"acf":[],"_links":{"self":[{"href":"https:\/\/iescubas-cat.infd.edu.ar\/sitio\/wp-json\/wp\/v2\/pages\/1467"}],"collection":[{"href":"https:\/\/iescubas-cat.infd.edu.ar\/sitio\/wp-json\/wp\/v2\/pages"}],"about":[{"href":"https:\/\/iescubas-cat.infd.edu.ar\/sitio\/wp-json\/wp\/v2\/types\/page"}],"author":[{"embeddable":true,"href":"https:\/\/iescubas-cat.infd.edu.ar\/sitio\/wp-json\/wp\/v2\/users\/238"}],"replies":[{"embeddable":true,"href":"https:\/\/iescubas-cat.infd.edu.ar\/sitio\/wp-json\/wp\/v2\/comments?post=1467"}],"version-history":[{"count":12,"href":"https:\/\/iescubas-cat.infd.edu.ar\/sitio\/wp-json\/wp\/v2\/pages\/1467\/revisions"}],"predecessor-version":[{"id":7461,"href":"https:\/\/iescubas-cat.infd.edu.ar\/sitio\/wp-json\/wp\/v2\/pages\/1467\/revisions\/7461"}],"wp:attachment":[{"href":"https:\/\/iescubas-cat.infd.edu.ar\/sitio\/wp-json\/wp\/v2\/media?parent=1467"}],"curies":[{"name":"wp","href":"https:\/\/api.w.org\/{rel}","templated":true}]}}