{"id":3327,"date":"2022-07-19T03:00:47","date_gmt":"2022-07-19T06:00:47","guid":{"rendered":"https:\/\/iescubas-cat.infd.edu.ar\/sitio\/?page_id=3327"},"modified":"2022-07-19T03:05:28","modified_gmt":"2022-07-19T06:05:28","slug":"tecnicaturas","status":"publish","type":"page","link":"https:\/\/iescubas-cat.infd.edu.ar\/sitio\/tecnicaturas\/","title":{"rendered":"FORMACI\u00d3N T\u00c9CNICA"},"content":{"rendered":"\n<figure class=\"wp-block-gallery aligncenter columns-1 wp-block-gallery-1 is-layout-flex\"><ul class=\"blocks-gallery-grid\"><li class=\"blocks-gallery-item\"><figure><img decoding=\"async\" loading=\"lazy\" width=\"502\" height=\"510\" src=\"https:\/\/iescubas-cat.infd.edu.ar\/sitio\/wp-content\/uploads\/2022\/07\/TITULO.png\" alt=\"\" data-id=\"3332\" data-full-url=\"https:\/\/iescubas-cat.infd.edu.ar\/sitio\/wp-content\/uploads\/2022\/07\/TITULO.png\" data-link=\"https:\/\/iescubas-cat.infd.edu.ar\/sitio\/?attachment_id=3332#main\" class=\"wp-image-3332\"\/><\/figure><\/li><\/ul><\/figure>\n\n\n\n<div class=\"wp-block-columns is-layout-flex wp-container-6\">\n<div class=\"wp-block-column is-layout-flow\">\n<p class=\"has-text-align-center has-background has-medium-font-size\" style=\"background-color:#dee2e4\"><strong><a rel=\"noreferrer noopener\" href=\"https:\/\/web.catamarca.edu.ar\/sitio\/noticias\/4345-validez-nacional-para-la-tecnicatura-en-radiologia.html\" data-type=\"URL\" data-id=\"https:\/\/web.catamarca.edu.ar\/sitio\/noticias\/4345-validez-nacional-para-la-tecnicatura-en-radiologia.html\" target=\"_blank\">Validez Nacional para la Tecnicatura en Radiolog\u00eda<\/a><\/strong><\/p>\n\n\n\n<p><\/p>\n\n\n\n<p><\/p>\n<\/div>\n\n\n\n<div class=\"wp-block-column is-layout-flow\">\n<p class=\"has-text-align-center has-background has-medium-font-size\" style=\"background-color:#dee2e4\"><strong><a href=\"https:\/\/web.catamarca.edu.ar\/sitio\/noticias\/5067-validez-nacional-para-el-titulo-de-enfermero-a.html\" data-type=\"URL\" data-id=\"https:\/\/web.catamarca.edu.ar\/sitio\/noticias\/5067-validez-nacional-para-el-titulo-de-enfermero-a.html\" target=\"_blank\" rel=\"noreferrer noopener\">Validez Nacional para el t\u00edtulo de Enfermero\/a<\/a><\/strong><\/p>\n<\/div>\n\n\n\n<div class=\"wp-block-column is-layout-flow\">\n<p class=\"has-background has-medium-font-size\" style=\"background-color:#dee2e4\"><strong><a href=\"https:\/\/web.catamarca.edu.ar\/sitio\/noticias\/4305-validez-nacional-para-la-tecnicatura-superior-en-laboratorio-de-analisis-clinicos.html\" data-type=\"URL\" data-id=\"https:\/\/web.catamarca.edu.ar\/sitio\/noticias\/4305-validez-nacional-para-la-tecnicatura-superior-en-laboratorio-de-analisis-clinicos.html\" target=\"_blank\" rel=\"noreferrer noopener\">Validez Nacional para la Tecnicatura Superior en Laboratorio de An\u00e1lisis Cl\u00ednicos<\/a><\/strong><\/p>\n<\/div>\n<\/div>\n\n\n\n<p class=\"has-text-align-center has-black-color has-text-color has-background has-large-font-size\" style=\"background-color:#e9d3d8\"><a href=\"https:\/\/web.catamarca.edu.ar\/sitio\/noticias\/5954-mochilas-tecnicas-para-alumnos-de-enfermeria-del-isti-y-del-ies-cubas.html\" data-type=\"URL\" data-id=\"https:\/\/web.catamarca.edu.ar\/sitio\/noticias\/5954-mochilas-tecnicas-para-alumnos-de-enfermeria-del-isti-y-del-ies-cubas.html\" target=\"_blank\" rel=\"noreferrer noopener\">Mochilas t\u00e9cnicas para alumnos de Enfermer\u00eda del ISTI y del IES Cubas<\/a><\/p>\n\n\n\n<figure class=\"wp-block-gallery aligncenter columns-1 is-cropped wp-block-gallery-7 is-layout-flex\"><ul class=\"blocks-gallery-grid\"><li class=\"blocks-gallery-item\"><figure><img decoding=\"async\" loading=\"lazy\" width=\"966\" height=\"502\" src=\"https:\/\/iescubas-cat.infd.edu.ar\/sitio\/wp-content\/uploads\/2022\/07\/MOCHILA.png\" alt=\"\" data-id=\"3335\" data-full-url=\"https:\/\/iescubas-cat.infd.edu.ar\/sitio\/wp-content\/uploads\/2022\/07\/MOCHILA.png\" data-link=\"https:\/\/iescubas-cat.infd.edu.ar\/sitio\/?attachment_id=3335#main\" class=\"wp-image-3335\" srcset=\"https:\/\/iescubas-cat.infd.edu.ar\/sitio\/wp-content\/uploads\/2022\/07\/MOCHILA.png 966w, https:\/\/iescubas-cat.infd.edu.ar\/sitio\/wp-content\/uploads\/2022\/07\/MOCHILA-768x399.png 768w\" sizes=\"(max-width: 966px) 100vw, 966px\" \/><\/figure><\/li><\/ul><\/figure>\n","protected":false},"excerpt":{"rendered":"<p>Validez Nacional para la Tecnicatura en Radiolog\u00eda Validez Nacional para el t\u00edtulo de Enfermero\/a Validez Nacional para la Tecnicatura Superior en Laboratorio de An\u00e1lisis Cl\u00ednicos Mochilas t\u00e9cnicas para alumnos de Enfermer\u00eda del ISTI y del IES Cubas<\/p>\n","protected":false},"author":238,"featured_media":0,"parent":0,"menu_order":0,"comment_status":"closed","ping_status":"closed","template":"","meta":[],"acf":[],"_links":{"self":[{"href":"https:\/\/iescubas-cat.infd.edu.ar\/sitio\/wp-json\/wp\/v2\/pages\/3327"}],"collection":[{"href":"https:\/\/iescubas-cat.infd.edu.ar\/sitio\/wp-json\/wp\/v2\/pages"}],"about":[{"href":"https:\/\/iescubas-cat.infd.edu.ar\/sitio\/wp-json\/wp\/v2\/types\/page"}],"author":[{"embeddable":true,"href":"https:\/\/iescubas-cat.infd.edu.ar\/sitio\/wp-json\/wp\/v2\/users\/238"}],"replies":[{"embeddable":true,"href":"https:\/\/iescubas-cat.infd.edu.ar\/sitio\/wp-json\/wp\/v2\/comments?post=3327"}],"version-history":[{"count":11,"href":"https:\/\/iescubas-cat.infd.edu.ar\/sitio\/wp-json\/wp\/v2\/pages\/3327\/revisions"}],"predecessor-version":[{"id":3343,"href":"https:\/\/iescubas-cat.infd.edu.ar\/sitio\/wp-json\/wp\/v2\/pages\/3327\/revisions\/3343"}],"wp:attachment":[{"href":"https:\/\/iescubas-cat.infd.edu.ar\/sitio\/wp-json\/wp\/v2\/media?parent=3327"}],"curies":[{"name":"wp","href":"https:\/\/api.w.org\/{rel}","templated":true}]}}