{"id":3452,"date":"2022-09-01T10:49:07","date_gmt":"2022-09-01T13:49:07","guid":{"rendered":"https:\/\/iescubas-cat.infd.edu.ar\/sitio\/?page_id=3452"},"modified":"2022-09-27T00:03:58","modified_gmt":"2022-09-27T03:03:58","slug":"3-er-concurso-de-cobertura-2022","status":"publish","type":"page","link":"https:\/\/iescubas-cat.infd.edu.ar\/sitio\/3-er-concurso-de-cobertura-2022\/","title":{"rendered":"ORDEN DE MERITO DEFINITIVO &#8211; 3 er. CONCURSO 2022"},"content":{"rendered":"\n<p class=\"has-black-color has-text-color\">Publicaci\u00f3n de listados parciales: jueves 01 de septiembre.<\/p>\n\n\n\n<p class=\"has-black-color has-text-color\">Periodo de Tacha- Presentaci\u00f3n de notas en IES: viernes 02 de septiembre.<\/p>\n\n\n\n<p class=\"has-black-color has-text-color\">Periodo de Tacha- Respuesta de Tribunales: lunes 05 de septiembre.<\/p>\n\n\n\n<p class=\"has-text-align-left has-background has-medium-font-size\" style=\"background-color:#b3bac4\"><strong>PROFESORADO EN GEOGRAF\u00cdA<\/strong><\/p>\n\n\n\n<p>EDUCACI\u00d3N SEXUAL INTEGRAL &#8211;  <a href=\"https:\/\/iescubas-cat.infd.edu.ar\/sitio\/wp-content\/uploads\/2022\/09\/esi.jpg\" target=\"_blank\" rel=\"noreferrer noopener\">ESI<\/a><\/p>\n\n\n\n<p class=\"has-text-align-left has-background has-medium-font-size\" style=\"background-color:#b3bac4\"><strong>PROFESORADO EN EDUCACI\u00d3N PRIMARIA<\/strong><\/p>\n\n\n\n<p><a href=\"https:\/\/iescubas-cat.infd.edu.ar\/sitio\/wp-content\/uploads\/2022\/09\/LENGUA.jpg\" target=\"_blank\" rel=\"noreferrer noopener\">RESIDENCIA DOCENTE &#8211; LENGUA Y LITERATURA<\/a><\/p>\n\n\n\n<p><a href=\"https:\/\/iescubas-cat.infd.edu.ar\/sitio\/wp-content\/uploads\/2022\/09\/CS-NATURALES.jpg\" target=\"_blank\" rel=\"noreferrer noopener\">RESIDENCIA DOCENTE . Cs. NATURALES<\/a><\/p>\n\n\n\n<p class=\"has-text-align-left has-background has-medium-font-size\" style=\"background-color:#b3bac4\"><strong>TECNICATURA SUP. AN\u00c1LISIS CL\u00cdNICOS<\/strong><\/p>\n\n\n\n<p><a href=\"https:\/\/iescubas-cat.infd.edu.ar\/sitio\/wp-content\/uploads\/2022\/09\/FISICA-Y-MATEMATICA.jpg\" target=\"_blank\" rel=\"noreferrer noopener\">F\u00cdSICA Y MATEM\u00c1TICA<\/a><\/p>\n\n\n\n<p class=\"has-text-align-left has-background has-medium-font-size\" style=\"background-color:#b3bac4\"><strong><strong>TECNICATURA SUP.  EN ENFERMER\u00cdA<\/strong><\/strong><\/p>\n\n\n\n<p><a href=\"https:\/\/iescubas-cat.infd.edu.ar\/sitio\/wp-content\/uploads\/2022\/09\/CUIDADOS.jpg\" target=\"_blank\" rel=\"noreferrer noopener\">CUIDADOS EN ENFERMER\u00cdA CL\u00cdNICA Y QUIR\u00daRGICA<\/a><\/p>\n\n\n\n<p><a href=\"https:\/\/iescubas-cat.infd.edu.ar\/sitio\/wp-content\/uploads\/2022\/09\/ENFERMERIA-Y-CLINICA-MEDICA.jpg\" target=\"_blank\" rel=\"noreferrer noopener\">ENFERMER\u00cdA Y CL\u00cdNICA MEDICA<\/a><\/p>\n","protected":false},"excerpt":{"rendered":"<p>Publicaci\u00f3n de listados parciales: jueves 01 de septiembre. Periodo de Tacha- Presentaci\u00f3n de notas en IES: viernes 02 de septiembre. Periodo de Tacha- Respuesta de Tribunales: lunes 05 de septiembre. PROFESORADO EN GEOGRAF\u00cdA EDUCACI\u00d3N SEXUAL INTEGRAL &#8211; ESI PROFESORADO EN EDUCACI\u00d3N PRIMARIA RESIDENCIA DOCENTE &#8211; LENGUA Y LITERATURA RESIDENCIA DOCENTE . Cs. NATURALES TECNICATURA SUP. &#8230; <a title=\"ORDEN DE MERITO DEFINITIVO &#8211; 3 er. CONCURSO 2022\" class=\"read-more\" href=\"https:\/\/iescubas-cat.infd.edu.ar\/sitio\/3-er-concurso-de-cobertura-2022\/\" aria-label=\"More on ORDEN DE MERITO DEFINITIVO &#8211; 3 er. CONCURSO 2022\">[+]<\/a><\/p>\n","protected":false},"author":238,"featured_media":0,"parent":0,"menu_order":0,"comment_status":"closed","ping_status":"closed","template":"","meta":[],"acf":[],"_links":{"self":[{"href":"https:\/\/iescubas-cat.infd.edu.ar\/sitio\/wp-json\/wp\/v2\/pages\/3452"}],"collection":[{"href":"https:\/\/iescubas-cat.infd.edu.ar\/sitio\/wp-json\/wp\/v2\/pages"}],"about":[{"href":"https:\/\/iescubas-cat.infd.edu.ar\/sitio\/wp-json\/wp\/v2\/types\/page"}],"author":[{"embeddable":true,"href":"https:\/\/iescubas-cat.infd.edu.ar\/sitio\/wp-json\/wp\/v2\/users\/238"}],"replies":[{"embeddable":true,"href":"https:\/\/iescubas-cat.infd.edu.ar\/sitio\/wp-json\/wp\/v2\/comments?post=3452"}],"version-history":[{"count":18,"href":"https:\/\/iescubas-cat.infd.edu.ar\/sitio\/wp-json\/wp\/v2\/pages\/3452\/revisions"}],"predecessor-version":[{"id":3585,"href":"https:\/\/iescubas-cat.infd.edu.ar\/sitio\/wp-json\/wp\/v2\/pages\/3452\/revisions\/3585"}],"wp:attachment":[{"href":"https:\/\/iescubas-cat.infd.edu.ar\/sitio\/wp-json\/wp\/v2\/media?parent=3452"}],"curies":[{"name":"wp","href":"https:\/\/api.w.org\/{rel}","templated":true}]}}