{"id":3823,"date":"2022-10-19T23:13:45","date_gmt":"2022-10-20T02:13:45","guid":{"rendered":"https:\/\/iescubas-cat.infd.edu.ar\/sitio\/?page_id=3823"},"modified":"2022-10-21T23:20:44","modified_gmt":"2022-10-22T02:20:44","slug":"4-concurso-2022-definitivo","status":"publish","type":"page","link":"https:\/\/iescubas-cat.infd.edu.ar\/sitio\/4-concurso-2022-definitivo\/","title":{"rendered":"4 concurso.2022 definitivo"},"content":{"rendered":"\n<div class=\"wp-block-image\"><figure class=\"aligncenter size-large\"><img decoding=\"async\" loading=\"lazy\" width=\"724\" height=\"204\" src=\"https:\/\/iescubas-cat.infd.edu.ar\/sitio\/wp-content\/uploads\/2022\/10\/Sin-titulo.png\" alt=\"\" class=\"wp-image-3711\"\/><\/figure><\/div>\n\n\n\n<p class=\"has-text-align-left has-background has-medium-font-size\" style=\"background-color:#b3bac4\"><strong>PROFESORADO EN TECNOLOG\u00cdA<\/strong><\/p>\n\n\n\n<p><a href=\"https:\/\/iescubas-cat.infd.edu.ar\/sitio\/wp-content\/uploads\/2022\/10\/WhatsApp-Image-2022-10-18-at-21.26.01.jpeg\" target=\"_blank\" rel=\"noreferrer noopener\">TECNOLOG\u00cdA EDUCATIVA &#8211;<\/a><\/p>\n\n\n\n<p class=\"has-text-align-left has-background has-medium-font-size\" style=\"background-color:#b3bac4\"><strong>PROFESORADO EN GEOGRAF\u00cdA<\/strong><\/p>\n\n\n\n<p><a href=\"https:\/\/iescubas-cat.infd.edu.ar\/sitio\/wp-content\/uploads\/2022\/10\/WhatsApp-Image-2022-10-18-at-22.02.26.jpeg\" target=\"_blank\" rel=\"noreferrer noopener\">\u00c9TICA Y CONSTRUCCI\u00d3N CIUDADANA<\/a><\/p>\n\n\n\n<p>TELEDETECCION Y  SIG &#8211; DESIERTO<\/p>\n\n\n\n<p class=\"has-text-align-left has-background has-medium-font-size\" style=\"background-color:#b3bac4\"><strong>PROFESORADO EN EDUCACI\u00d3N PRIMARIA<\/strong><\/p>\n\n\n\n<p><a href=\"https:\/\/iescubas-cat.infd.edu.ar\/sitio\/wp-content\/uploads\/2022\/10\/WhatsApp-Image-2022-10-21-at-23.01.23-e1666404625712.jpeg\" target=\"_blank\" rel=\"noreferrer noopener\">PSICOLOG\u00cdA EDUCACIONAL<\/a><\/p>\n\n\n\n<p class=\"has-text-align-left has-background has-medium-font-size\" style=\"background-color:#b3bac4\"><strong>PROFESORADO EN EDUCACI\u00d3N INICIAL<\/strong><\/p>\n\n\n\n<p><a href=\"https:\/\/iescubas-cat.infd.edu.ar\/sitio\/wp-content\/uploads\/2022\/10\/WhatsApp-Image-2022-10-21-at-23.01.47-e1666404688243.jpeg\" target=\"_blank\" rel=\"noreferrer noopener\">PSICOLOG\u00cdA EDUCACIONAL<\/a><\/p>\n\n\n\n<p><a href=\"https:\/\/iescubas-cat.infd.edu.ar\/sitio\/wp-content\/uploads\/2022\/10\/WhatsApp-Image-2022-10-21-at-22.20.46-e1666402546772.jpeg\" target=\"_blank\" rel=\"noreferrer noopener\">LITERATURA INFANTIL<\/a><\/p>\n\n\n\n<p><a href=\"https:\/\/iescubas-cat.infd.edu.ar\/sitio\/wp-content\/uploads\/2022\/10\/WhatsApp-Image-2022-10-21-at-22.20.22-1.jpeg\" target=\"_blank\" rel=\"noreferrer noopener\">ALFABETIZACI\u00d3N EN EL NIVEL INICIAL <\/a><\/p>\n\n\n\n<p class=\"has-text-align-left has-background has-medium-font-size\" style=\"background-color:#b3bac4\"><strong>PROFESORADO SUP. EN Cs. DE LA EDUCACI\u00d3N<\/strong><\/p>\n\n\n\n<p><a href=\"https:\/\/iescubas-cat.infd.edu.ar\/sitio\/wp-content\/uploads\/2022\/10\/WhatsApp-Image-2022-10-21-at-23.02.07-1-e1666404797330.jpeg\" target=\"_blank\" rel=\"noreferrer noopener\">PSICOLOG\u00cdA EDUCACIONAL<\/a><\/p>\n\n\n\n<p><a href=\"https:\/\/iescubas-cat.infd.edu.ar\/sitio\/wp-content\/uploads\/2022\/10\/WhatsApp-Image-2022-10-18-at-22.00.46.jpeg\" target=\"_blank\" rel=\"noreferrer noopener\">PEDAGOG\u00cdA<\/a><\/p>\n\n\n\n<p><a href=\"https:\/\/iescubas-cat.infd.edu.ar\/sitio\/wp-content\/uploads\/2022\/10\/WhatsApp-Image-2022-10-18-at-21.22.53.jpeg\" target=\"_blank\" rel=\"noreferrer noopener\">DESARROLLO CURRICULAR<\/a><\/p>\n\n\n\n<p><a href=\"https:\/\/iescubas-cat.infd.edu.ar\/sitio\/wp-content\/uploads\/2022\/10\/WhatsApp-Image-2022-10-18-at-21.21.09.jpeg\" target=\"_blank\" rel=\"noreferrer noopener\">DID\u00c1CTICA GENERAL<\/a><\/p>\n\n\n\n<p class=\"has-text-align-left has-background has-medium-font-size\" style=\"background-color:#b3bac4\"><strong><strong>TECNICATURA SUP.  EN ENFERMER\u00cdA<\/strong><\/strong><\/p>\n\n\n\n<p><a href=\"https:\/\/iescubas-cat.infd.edu.ar\/sitio\/wp-content\/uploads\/2022\/10\/WhatsApp-Image-2022-10-18-at-21.24.57.jpeg\" target=\"_blank\" rel=\"noreferrer noopener\">CUIDADOS EN ENFERMER\u00cdA CL\u00cdNICA Y QUIR\u00daRGICA<\/a><\/p>\n\n\n\n<p><a href=\"https:\/\/iescubas-cat.infd.edu.ar\/sitio\/wp-content\/uploads\/2022\/10\/WhatsApp-Image-2022-10-18-at-21.23.55.jpeg\" target=\"_blank\" rel=\"noreferrer noopener\">ENFERMER\u00cdA Y CL\u00cdNICA MEDICA<\/a><\/p>\n","protected":false},"excerpt":{"rendered":"<p>PROFESORADO EN TECNOLOG\u00cdA TECNOLOG\u00cdA EDUCATIVA &#8211; PROFESORADO EN GEOGRAF\u00cdA \u00c9TICA Y CONSTRUCCI\u00d3N CIUDADANA TELEDETECCION Y SIG &#8211; DESIERTO PROFESORADO EN EDUCACI\u00d3N PRIMARIA PSICOLOG\u00cdA EDUCACIONAL PROFESORADO EN EDUCACI\u00d3N INICIAL PSICOLOG\u00cdA EDUCACIONAL LITERATURA INFANTIL ALFABETIZACI\u00d3N EN EL NIVEL INICIAL PROFESORADO SUP. EN Cs. DE LA EDUCACI\u00d3N PSICOLOG\u00cdA EDUCACIONAL PEDAGOG\u00cdA DESARROLLO CURRICULAR DID\u00c1CTICA GENERAL TECNICATURA SUP. EN ENFERMER\u00cdA &#8230; <a title=\"4 concurso.2022 definitivo\" class=\"read-more\" href=\"https:\/\/iescubas-cat.infd.edu.ar\/sitio\/4-concurso-2022-definitivo\/\" aria-label=\"More on 4 concurso.2022 definitivo\">[+]<\/a><\/p>\n","protected":false},"author":238,"featured_media":0,"parent":0,"menu_order":0,"comment_status":"closed","ping_status":"closed","template":"","meta":[],"acf":[],"_links":{"self":[{"href":"https:\/\/iescubas-cat.infd.edu.ar\/sitio\/wp-json\/wp\/v2\/pages\/3823"}],"collection":[{"href":"https:\/\/iescubas-cat.infd.edu.ar\/sitio\/wp-json\/wp\/v2\/pages"}],"about":[{"href":"https:\/\/iescubas-cat.infd.edu.ar\/sitio\/wp-json\/wp\/v2\/types\/page"}],"author":[{"embeddable":true,"href":"https:\/\/iescubas-cat.infd.edu.ar\/sitio\/wp-json\/wp\/v2\/users\/238"}],"replies":[{"embeddable":true,"href":"https:\/\/iescubas-cat.infd.edu.ar\/sitio\/wp-json\/wp\/v2\/comments?post=3823"}],"version-history":[{"count":15,"href":"https:\/\/iescubas-cat.infd.edu.ar\/sitio\/wp-json\/wp\/v2\/pages\/3823\/revisions"}],"predecessor-version":[{"id":3882,"href":"https:\/\/iescubas-cat.infd.edu.ar\/sitio\/wp-json\/wp\/v2\/pages\/3823\/revisions\/3882"}],"wp:attachment":[{"href":"https:\/\/iescubas-cat.infd.edu.ar\/sitio\/wp-json\/wp\/v2\/media?parent=3823"}],"curies":[{"name":"wp","href":"https:\/\/api.w.org\/{rel}","templated":true}]}}