{"id":3983,"date":"2022-11-16T01:33:19","date_gmt":"2022-11-16T04:33:19","guid":{"rendered":"https:\/\/iescubas-cat.infd.edu.ar\/sitio\/?page_id=3983"},"modified":"2022-11-17T22:19:05","modified_gmt":"2022-11-18T01:19:05","slug":"orden-definitivo-5-concurso","status":"publish","type":"page","link":"https:\/\/iescubas-cat.infd.edu.ar\/sitio\/orden-definitivo-5-concurso\/","title":{"rendered":"ORDEN DEFINITIVO 5 CONCURSO"},"content":{"rendered":"\n<p class=\"has-text-align-left has-background has-medium-font-size\" style=\"background-color:#b3bac4\"><strong>PROFESORADO SUPERIOR EN Cs. DE LA EDUCACION<\/strong><\/p>\n\n\n\n<p><a href=\"https:\/\/iescubas-cat.infd.edu.ar\/sitio\/wp-content\/uploads\/2022\/11\/WhatsApp-Image-2022-11-16-at-20.33.14-e1668656338475.jpeg\" target=\"_blank\" rel=\"noreferrer noopener\">UDI &#8211; AN\u00c1LISIS INSTITUCIONAL<\/a><\/p>\n\n\n\n<p><a href=\"https:\/\/iescubas-cat.infd.edu.ar\/sitio\/wp-content\/uploads\/2022\/11\/WhatsApp-Image-2022-11-17-at-19.46.31-e1668734300128.jpeg\" target=\"_blank\" rel=\"noreferrer noopener\">SUJETO A LA EDUCACION II &#8211; JUVENTUD Y ADULTEZ<\/a><\/p>\n\n\n\n<p class=\"has-text-align-left has-background has-medium-font-size\" style=\"background-color:#b3bac4\"><strong>PROFESORADO EN EDUCACI\u00d3N  PRIMARIA<\/strong><\/p>\n\n\n\n<p><a href=\"https:\/\/iescubas-cat.infd.edu.ar\/sitio\/wp-content\/uploads\/2022\/11\/WhatsApp-Image-2022-11-15-at-10.57.54-PM-e1668572969977.jpeg\" target=\"_blank\" rel=\"noreferrer noopener\">RESIDENCIA DOCENTE EN LENGUA Y LITERATURA<\/a><\/p>\n\n\n\n<p class=\"has-text-align-left has-background has-medium-font-size\" style=\"background-color:#b3bac4\"><strong>PROFESORADO EN GEOGRAF\u00cdA<\/strong><\/p>\n\n\n\n<p><a href=\"https:\/\/iescubas-cat.infd.edu.ar\/sitio\/wp-content\/uploads\/2022\/11\/WhatsApp-Image-2022-11-16-at-01.40.51.jpeg\" target=\"_blank\" rel=\"noreferrer noopener\">TELEDETECCI\u00d3N Y SIG<\/a><\/p>\n","protected":false},"excerpt":{"rendered":"<p>PROFESORADO SUPERIOR EN Cs. DE LA EDUCACION UDI &#8211; AN\u00c1LISIS INSTITUCIONAL SUJETO A LA EDUCACION II &#8211; JUVENTUD Y ADULTEZ PROFESORADO EN EDUCACI\u00d3N PRIMARIA RESIDENCIA DOCENTE EN LENGUA Y LITERATURA PROFESORADO EN GEOGRAF\u00cdA TELEDETECCI\u00d3N Y SIG<\/p>\n","protected":false},"author":238,"featured_media":0,"parent":0,"menu_order":0,"comment_status":"closed","ping_status":"closed","template":"","meta":[],"acf":[],"_links":{"self":[{"href":"https:\/\/iescubas-cat.infd.edu.ar\/sitio\/wp-json\/wp\/v2\/pages\/3983"}],"collection":[{"href":"https:\/\/iescubas-cat.infd.edu.ar\/sitio\/wp-json\/wp\/v2\/pages"}],"about":[{"href":"https:\/\/iescubas-cat.infd.edu.ar\/sitio\/wp-json\/wp\/v2\/types\/page"}],"author":[{"embeddable":true,"href":"https:\/\/iescubas-cat.infd.edu.ar\/sitio\/wp-json\/wp\/v2\/users\/238"}],"replies":[{"embeddable":true,"href":"https:\/\/iescubas-cat.infd.edu.ar\/sitio\/wp-json\/wp\/v2\/comments?post=3983"}],"version-history":[{"count":7,"href":"https:\/\/iescubas-cat.infd.edu.ar\/sitio\/wp-json\/wp\/v2\/pages\/3983\/revisions"}],"predecessor-version":[{"id":4019,"href":"https:\/\/iescubas-cat.infd.edu.ar\/sitio\/wp-json\/wp\/v2\/pages\/3983\/revisions\/4019"}],"wp:attachment":[{"href":"https:\/\/iescubas-cat.infd.edu.ar\/sitio\/wp-json\/wp\/v2\/media?parent=3983"}],"curies":[{"name":"wp","href":"https:\/\/api.w.org\/{rel}","templated":true}]}}