{"id":4627,"date":"2023-04-26T22:58:16","date_gmt":"2023-04-27T01:58:16","guid":{"rendered":"https:\/\/iescubas-cat.infd.edu.ar\/sitio\/?page_id=4627"},"modified":"2023-04-28T05:14:13","modified_gmt":"2023-04-28T08:14:13","slug":"1oer-concurso","status":"publish","type":"page","link":"https:\/\/iescubas-cat.infd.edu.ar\/sitio\/1oer-concurso\/","title":{"rendered":"LOM &#8211; 1\u00baer. Concurso\/23-"},"content":{"rendered":"\n<p><\/p>\n\n\n\n<p><\/p>\n\n\n<div class=\"wp-block-image\">\n<figure class=\"aligncenter size-full is-resized\"><img decoding=\"async\" loading=\"lazy\" src=\"https:\/\/iescubas-cat.infd.edu.ar\/sitio\/wp-content\/uploads\/2023\/04\/COMUNICADO-2.png\" alt=\"\" class=\"wp-image-4722\" width=\"607\" height=\"323\" srcset=\"https:\/\/iescubas-cat.infd.edu.ar\/sitio\/wp-content\/uploads\/2023\/04\/COMUNICADO-2.png 880w, https:\/\/iescubas-cat.infd.edu.ar\/sitio\/wp-content\/uploads\/2023\/04\/COMUNICADO-2-768x408.png 768w\" sizes=\"(max-width: 607px) 100vw, 607px\" \/><\/figure><\/div>\n\n\n<p class=\"has-background has-medium-font-size\" style=\"background-color:#b3bac4\"><strong>PROFESORADO  SUPERIOR EN CS. DE LA EDUCACI\u00d3N<\/strong><\/p>\n\n\n\n<p class=\"has-text-align-left\"><a href=\"https:\/\/iescubas-cat.infd.edu.ar\/sitio\/wp-content\/uploads\/2023\/04\/ANTROPOLOGIA.pdf\" data-type=\"URL\" data-id=\"https:\/\/iescubas-cat.infd.edu.ar\/sitio\/wp-content\/uploads\/2023\/04\/ANTROPOLOGIA.pdf\" target=\"_blank\" rel=\"noreferrer noopener\">ANTROPOLOGIA INTEGRAL\u00a0<\/a><\/p>\n\n\n\n<p><a href=\"https:\/\/iescubas-cat.infd.edu.ar\/sitio\/wp-content\/uploads\/2023\/04\/ASESORAMIENTO.pdf\" data-type=\"URL\" data-id=\"https:\/\/iescubas-cat.infd.edu.ar\/sitio\/wp-content\/uploads\/2023\/04\/ASESORAMIENTO.pdf\" target=\"_blank\" rel=\"noreferrer noopener\">ASESORAMIENTO E INTERVENCI\u00d3N PEDAG\u00d3GICA<\/a><\/p>\n\n\n\n<p><a href=\"https:\/\/iescubas-cat.infd.edu.ar\/sitio\/wp-content\/uploads\/2023\/04\/DEONTOLOGIA-PROFESIONAL.pdf\" data-type=\"URL\" data-id=\"https:\/\/iescubas-cat.infd.edu.ar\/sitio\/wp-content\/uploads\/2023\/04\/DEONTOLOGIA-PROFESIONAL.pdf\" target=\"_blank\" rel=\"noreferrer noopener\">DEONTOLOGIA PROFESIONAL<\/a><\/p>\n\n\n\n<p><a href=\"https:\/\/iescubas-cat.infd.edu.ar\/sitio\/wp-content\/uploads\/2023\/04\/FORMADORES.pdf\" data-type=\"URL\" data-id=\"https:\/\/iescubas-cat.infd.edu.ar\/sitio\/wp-content\/uploads\/2023\/04\/FORMADORES.pdf\" target=\"_blank\" rel=\"noreferrer noopener\">FORMACION DE FORMADORES<\/a><\/p>\n\n\n\n<p><a href=\"https:\/\/iescubas-cat.infd.edu.ar\/sitio\/wp-content\/uploads\/2023\/04\/METODOLOGIA-DE-LA-INVESTIGACION.pdf\" data-type=\"URL\" data-id=\"https:\/\/iescubas-cat.infd.edu.ar\/sitio\/wp-content\/uploads\/2023\/04\/METODOLOGIA-DE-LA-INVESTIGACION.pdf\" target=\"_blank\" rel=\"noreferrer noopener\">METODOLOGIA DE LA INVESTIGACION EDUCATIVA II<\/a><\/p>\n\n\n\n<p><a href=\"https:\/\/iescubas-cat.infd.edu.ar\/sitio\/wp-content\/uploads\/2023\/04\/POLITICA-Y-LES.pdf\" data-type=\"URL\" data-id=\"https:\/\/iescubas-cat.infd.edu.ar\/sitio\/wp-content\/uploads\/2023\/04\/POLITICA-Y-LES.pdf\" target=\"_blank\" rel=\"noreferrer noopener\">POL\u00cdTICA Y LEGISLACI\u00d3N DE LA EDUCACI\u00d3N SUP.<\/a><\/p>\n\n\n\n<p><a href=\"https:\/\/iescubas-cat.infd.edu.ar\/sitio\/wp-content\/uploads\/2023\/04\/RESIDENCIA-PEDAGOGICA.pdf\" data-type=\"URL\" data-id=\"https:\/\/iescubas-cat.infd.edu.ar\/sitio\/wp-content\/uploads\/2023\/04\/RESIDENCIA-PEDAGOGICA.pdf\" target=\"_blank\" rel=\"noreferrer noopener\">RESIDENCIA PEDAGOGICA<\/a><\/p>\n\n\n\n<p><a href=\"https:\/\/iescubas-cat.infd.edu.ar\/sitio\/wp-content\/uploads\/2023\/04\/SISTEMA-DE-EVALUACION.pdf\" data-type=\"URL\" data-id=\"https:\/\/iescubas-cat.infd.edu.ar\/sitio\/wp-content\/uploads\/2023\/04\/SISTEMA-DE-EVALUACION.pdf\" target=\"_blank\" rel=\"noreferrer noopener\">SISTEMAS DE EVALUACI\u00d3N Y CALIDAD EDUCATIVA<\/a><\/p>\n\n\n\n<p><a href=\"https:\/\/iescubas-cat.infd.edu.ar\/sitio\/wp-content\/uploads\/2023\/04\/SUJETO.pdf\" data-type=\"URL\" data-id=\"https:\/\/iescubas-cat.infd.edu.ar\/sitio\/wp-content\/uploads\/2023\/04\/SUJETO.pdf\" target=\"_blank\" rel=\"noreferrer noopener\">SUJETO DE LA EDUCACION II JUVENTUD Y ADULTES<\/a><\/p>\n\n\n\n<p> <a rel=\"noreferrer noopener\" href=\"https:\/\/iescubas-cat.infd.edu.ar\/sitio\/wp-content\/uploads\/2023\/04\/UDI.pdf\" data-type=\"URL\" data-id=\"https:\/\/iescubas-cat.infd.edu.ar\/sitio\/wp-content\/uploads\/2023\/04\/UDI.pdf\" target=\"_blank\">UNIDAD DE DEFINICI\u00d3N INSTITUCIONAL<\/a><\/p>\n\n\n\n<p class=\"has-text-align-left has-background has-medium-font-size\" style=\"background-color:#b3bac4\"><strong>TECNICATURA SUPERIOR EN ENFERMER\u00cdA<\/strong><\/p>\n\n\n\n<p><a href=\"https:\/\/iescubas-cat.infd.edu.ar\/sitio\/wp-content\/uploads\/2023\/04\/ANATO-Y-FISIO-1.pdf\" data-type=\"URL\" data-id=\"https:\/\/iescubas-cat.infd.edu.ar\/sitio\/wp-content\/uploads\/2023\/04\/ANATO-Y-FISIO-1.pdf\" target=\"_blank\" rel=\"noreferrer noopener\">ANATOMIA Y FISIOLOGIA I- Extensi\u00f3n <\/a><\/p>\n\n\n\n<p><a href=\"https:\/\/iescubas-cat.infd.edu.ar\/sitio\/wp-content\/uploads\/2023\/04\/ANATO-Y-FISIO-2.pdf\" data-type=\"URL\" data-id=\"https:\/\/iescubas-cat.infd.edu.ar\/sitio\/wp-content\/uploads\/2023\/04\/ANATO-Y-FISIO-2.pdf\" target=\"_blank\" rel=\"noreferrer noopener\">ANATOM\u00cdA Y FISIOLOG\u00cdA II- Extensi\u00f3n<\/a><\/p>\n\n\n\n<p><a rel=\"noreferrer noopener\" href=\"https:\/\/iescubas-cat.infd.edu.ar\/sitio\/wp-content\/uploads\/2023\/04\/BIOFISICA.pdf\" data-type=\"URL\" data-id=\"https:\/\/iescubas-cat.infd.edu.ar\/sitio\/wp-content\/uploads\/2023\/04\/BIOFISICA.pdf\" target=\"_blank\">BIOFISICA- Extensi\u00f3n<\/a><\/p>\n\n\n\n<p><a href=\"https:\/\/iescubas-cat.infd.edu.ar\/sitio\/wp-content\/uploads\/2023\/04\/CUIDADOS-ENFERMEROS.pdf\" data-type=\"URL\" data-id=\"https:\/\/iescubas-cat.infd.edu.ar\/sitio\/wp-content\/uploads\/2023\/04\/CUIDADOS-ENFERMEROS.pdf\" target=\"_blank\" rel=\"noreferrer noopener\">CUIDADOS ENFERMEROS EN LA COMUNIDAD- extensi\u00f3n<\/a><\/p>\n\n\n\n<p><a href=\"https:\/\/iescubas-cat.infd.edu.ar\/sitio\/wp-content\/uploads\/2023\/04\/CUIDADOS-EN-PS.pdf\" data-type=\"URL\" data-id=\"https:\/\/iescubas-cat.infd.edu.ar\/sitio\/wp-content\/uploads\/2023\/04\/CUIDADOS-EN-PS.pdf\" target=\"_blank\" rel=\"noreferrer noopener\">CUIDADOS ENFERMEROS EN PSIQUIATRIA-Sede<\/a><\/p>\n\n\n\n<p><a href=\"https:\/\/iescubas-cat.infd.edu.ar\/sitio\/wp-content\/uploads\/2023\/04\/ENFERMERI-Y-CLINICA.pdf\" data-type=\"URL\" data-id=\"https:\/\/iescubas-cat.infd.edu.ar\/sitio\/wp-content\/uploads\/2023\/04\/ENFERMERI-Y-CLINICA.pdf\" target=\"_blank\" rel=\"noreferrer noopener\">ENFERMERIA Y CL\u00cdNICA OBSTETRICA Y PEDIATR\u00cdA-Sede<\/a><\/p>\n\n\n\n<p><a href=\"https:\/\/iescubas-cat.infd.edu.ar\/sitio\/wp-content\/uploads\/2023\/04\/FARMACOLOGIA.pdf\" data-type=\"URL\" data-id=\"https:\/\/iescubas-cat.infd.edu.ar\/sitio\/wp-content\/uploads\/2023\/04\/FARMACOLOGIA.pdf\" target=\"_blank\" rel=\"noreferrer noopener\">FARMACOLOG\u00cdA I- Extensi\u00f3n<\/a><\/p>\n\n\n\n<p><a href=\"https:\/\/iescubas-cat.infd.edu.ar\/sitio\/wp-content\/uploads\/2023\/04\/FUNDAMENTO-ENF.pdf\" data-type=\"URL\" data-id=\"https:\/\/iescubas-cat.infd.edu.ar\/sitio\/wp-content\/uploads\/2023\/04\/FUNDAMENTO-ENF.pdf\" target=\"_blank\" rel=\"noreferrer noopener\">FUNDAMENTOS DE ENFERMER\u00cdA-Extensi\u00f3n<\/a><\/p>\n\n\n\n<p><a href=\"https:\/\/iescubas-cat.infd.edu.ar\/sitio\/wp-content\/uploads\/2023\/04\/INFORMATICA.pdf\" data-type=\"URL\" data-id=\"https:\/\/iescubas-cat.infd.edu.ar\/sitio\/wp-content\/uploads\/2023\/04\/INFORMATICA.pdf\" target=\"_blank\" rel=\"noreferrer noopener\">INFORMATICA<\/a><\/p>\n\n\n\n<p><a href=\"https:\/\/iescubas-cat.infd.edu.ar\/sitio\/wp-content\/uploads\/2023\/04\/INGLES.pdf\" data-type=\"URL\" data-id=\"https:\/\/iescubas-cat.infd.edu.ar\/sitio\/wp-content\/uploads\/2023\/04\/INGLES.pdf\" target=\"_blank\" rel=\"noreferrer noopener\">INGLES T\u00c9CNICO &#8211; TRADUCCI\u00d3N-Sede<\/a> <\/p>\n\n\n\n<p><a href=\"https:\/\/iescubas-cat.infd.edu.ar\/sitio\/wp-content\/uploads\/2023\/04\/ADMINISTRACION.pdf\" data-type=\"URL\" data-id=\"https:\/\/iescubas-cat.infd.edu.ar\/sitio\/wp-content\/uploads\/2023\/04\/ADMINISTRACION.pdf\" target=\"_blank\" rel=\"noreferrer noopener\">INTRODUCCI\u00d3N A LA ADMINISTRACI\u00d3N Y DID\u00c1CTICA EN&nbsp; SALUD-Sede<\/a><\/p>\n\n\n\n<p><a href=\"https:\/\/iescubas-cat.infd.edu.ar\/sitio\/wp-content\/uploads\/2023\/04\/INTRO-CS-P.pdf\" data-type=\"URL\" data-id=\"https:\/\/iescubas-cat.infd.edu.ar\/sitio\/wp-content\/uploads\/2023\/04\/INTRO-CS-P.pdf\" target=\"_blank\" rel=\"noreferrer noopener\">INTRODUCCI\u00d3N A LAS CIENCIAS PSICOSOCIALES:-Extensi\u00f3n<\/a><\/p>\n\n\n\n<p><a href=\"https:\/\/iescubas-cat.infd.edu.ar\/sitio\/wp-content\/uploads\/2023\/04\/MICRO-Y-PA.pdf\" data-type=\"URL\" data-id=\"https:\/\/iescubas-cat.infd.edu.ar\/sitio\/wp-content\/uploads\/2023\/04\/MICRO-Y-PA.pdf\" target=\"_blank\" rel=\"noreferrer noopener\">MICROBIOLOGIA Y PARASITOLOGIA-Extensi\u00f3n<\/a><\/p>\n\n\n\n<p><a href=\"https:\/\/iescubas-cat.infd.edu.ar\/sitio\/wp-content\/uploads\/2023\/04\/NUTRICION.pdf\" data-type=\"URL\" data-id=\"https:\/\/iescubas-cat.infd.edu.ar\/sitio\/wp-content\/uploads\/2023\/04\/NUTRICION.pdf\" target=\"_blank\" rel=\"noreferrer noopener\">NUTRICI\u00d3N-Extensi\u00f3n<\/a><\/p>\n\n\n\n<p><a rel=\"noreferrer noopener\" href=\"https:\/\/iescubas-cat.infd.edu.ar\/sitio\/wp-content\/uploads\/2023\/04\/PH-EN-P-O-P.pdf\" data-type=\"URL\" data-id=\"https:\/\/iescubas-cat.infd.edu.ar\/sitio\/wp-content\/uploads\/2023\/04\/PH-EN-P-O-P.pdf\" target=\"_blank\">PRACTICA HOSP. EN OBSTE.<\/a><a href=\"https:\/\/iescubas-cat.infd.edu.ar\/sitio\/wp-content\/uploads\/2023\/04\/PH-EN-P-O-P.pdf\" data-type=\"URL\" data-id=\"https:\/\/iescubas-cat.infd.edu.ar\/sitio\/wp-content\/uploads\/2023\/04\/PH-EN-P-O-P.pdf\" target=\"_blank\" rel=\"noreferrer noopener\"> <\/a><a rel=\"noreferrer noopener\" href=\"https:\/\/iescubas-cat.infd.edu.ar\/sitio\/wp-content\/uploads\/2023\/04\/PH-EN-P-O-P.pdf\" data-type=\"URL\" data-id=\"https:\/\/iescubas-cat.infd.edu.ar\/sitio\/wp-content\/uploads\/2023\/04\/PH-EN-P-O-P.pdf\" target=\"_blank\">PEDIATRIA Y PSIQUIATRIA-Sede<\/a><\/p>\n\n\n\n<p><a href=\"https:\/\/iescubas-cat.infd.edu.ar\/sitio\/wp-content\/uploads\/2023\/04\/P-H-EN-FUNDAMENTOS-DE-EN.pdf\" data-type=\"URL\" data-id=\"https:\/\/iescubas-cat.infd.edu.ar\/sitio\/wp-content\/uploads\/2023\/04\/P-H-EN-FUNDAMENTOS-DE-EN.pdf\" target=\"_blank\" rel=\"noreferrer noopener\">PRACTICA HOSPITALARIA EN FUND. DE ENF. Y COMUNIDAD-Extensi\u00f3n <\/a><\/p>\n\n\n\n<p>PRACTICA PROFESIONAL DE ADMINISTRACI\u00d3N-Sede<\/p>\n\n\n\n<p><a href=\"https:\/\/iescubas-cat.infd.edu.ar\/sitio\/wp-content\/uploads\/2023\/04\/PRACTICA-PROFESIONAL.pdf\" data-type=\"URL\" data-id=\"https:\/\/iescubas-cat.infd.edu.ar\/sitio\/wp-content\/uploads\/2023\/04\/PRACTICA-PROFESIONAL.pdf\" target=\"_blank\" rel=\"noreferrer noopener\">PRACTICA PROFESIONAL-Sede <\/a><\/p>\n\n\n\n<p><a href=\"https:\/\/iescubas-cat.infd.edu.ar\/sitio\/wp-content\/uploads\/2023\/04\/QUIMICA-Y-BIO.pdf\" data-type=\"URL\" data-id=\"https:\/\/iescubas-cat.infd.edu.ar\/sitio\/wp-content\/uploads\/2023\/04\/QUIMICA-Y-BIO.pdf\" target=\"_blank\" rel=\"noreferrer noopener\">QU\u00cdMICA Y BIOQU\u00cdMICA-Extensi\u00f3n<\/a><\/p>\n\n\n\n<p><a href=\"https:\/\/iescubas-cat.infd.edu.ar\/sitio\/wp-content\/uploads\/2023\/04\/SEMINARIO-Y-LEGIS.pdf\" data-type=\"URL\" data-id=\"https:\/\/iescubas-cat.infd.edu.ar\/sitio\/wp-content\/uploads\/2023\/04\/SEMINARIO-Y-LEGIS.pdf\" target=\"_blank\" rel=\"noreferrer noopener\">SEMINARIO Y LEGISLACI\u00d3N: 1\u00b0A-Sede<\/a><\/p>\n\n\n\n<p> <a href=\"https:\/\/iescubas-cat.infd.edu.ar\/sitio\/wp-content\/uploads\/2023\/04\/SEMINARIO-Y-LEGIS-B.pdf\" data-type=\"URL\" data-id=\"https:\/\/iescubas-cat.infd.edu.ar\/sitio\/wp-content\/uploads\/2023\/04\/SEMINARIO-Y-LEGIS-B.pdf\" target=\"_blank\" rel=\"noreferrer noopener\">SEMINARIO Y LEGISLACI\u00d3N: 1\u00b0B-Sede<\/a><\/p>\n\n\n\n<p> <a href=\"https:\/\/iescubas-cat.infd.edu.ar\/sitio\/wp-content\/uploads\/2023\/04\/SEMINARIO-DE-LESGILACION.pdf\" data-type=\"URL\" data-id=\"https:\/\/iescubas-cat.infd.edu.ar\/sitio\/wp-content\/uploads\/2023\/04\/SEMINARIO-DE-LESGILACION.pdf\" target=\"_blank\" rel=\"noreferrer noopener\">SEMINARIO: LEGISLACI\u00d3N-Extensi\u00f3n<\/a><\/p>\n\n\n\n<p><\/p>\n\n\n\n<figure class=\"wp-block-image\"><img alt=\"\"\/><\/figure>\n\n\n\n<figure class=\"wp-block-image\"><img alt=\"\"\/><\/figure>\n\n\n\n<figure class=\"wp-block-image\"><img alt=\"\"\/><\/figure>\n\n\n\n<figure class=\"wp-block-image\"><img alt=\"\"\/><\/figure>\n\n\n\n<figure class=\"wp-block-image\"><img alt=\"\"\/><\/figure>\n","protected":false},"excerpt":{"rendered":"<p>PROFESORADO SUPERIOR EN CS. DE LA EDUCACI\u00d3N ANTROPOLOGIA INTEGRAL\u00a0 ASESORAMIENTO E INTERVENCI\u00d3N PEDAG\u00d3GICA DEONTOLOGIA PROFESIONAL FORMACION DE FORMADORES METODOLOGIA DE LA INVESTIGACION EDUCATIVA II POL\u00cdTICA Y LEGISLACI\u00d3N DE LA EDUCACI\u00d3N SUP. RESIDENCIA PEDAGOGICA SISTEMAS DE EVALUACI\u00d3N Y CALIDAD EDUCATIVA SUJETO DE LA EDUCACION II JUVENTUD Y ADULTES UNIDAD DE DEFINICI\u00d3N INSTITUCIONAL TECNICATURA SUPERIOR EN ENFERMER\u00cdA &#8230; <a title=\"LOM &#8211; 1\u00baer. Concurso\/23-\" class=\"read-more\" href=\"https:\/\/iescubas-cat.infd.edu.ar\/sitio\/1oer-concurso\/\" aria-label=\"More on LOM &#8211; 1\u00baer. Concurso\/23-\">[+]<\/a><\/p>\n","protected":false},"author":238,"featured_media":0,"parent":0,"menu_order":0,"comment_status":"closed","ping_status":"closed","template":"","meta":[],"acf":[],"_links":{"self":[{"href":"https:\/\/iescubas-cat.infd.edu.ar\/sitio\/wp-json\/wp\/v2\/pages\/4627"}],"collection":[{"href":"https:\/\/iescubas-cat.infd.edu.ar\/sitio\/wp-json\/wp\/v2\/pages"}],"about":[{"href":"https:\/\/iescubas-cat.infd.edu.ar\/sitio\/wp-json\/wp\/v2\/types\/page"}],"author":[{"embeddable":true,"href":"https:\/\/iescubas-cat.infd.edu.ar\/sitio\/wp-json\/wp\/v2\/users\/238"}],"replies":[{"embeddable":true,"href":"https:\/\/iescubas-cat.infd.edu.ar\/sitio\/wp-json\/wp\/v2\/comments?post=4627"}],"version-history":[{"count":50,"href":"https:\/\/iescubas-cat.infd.edu.ar\/sitio\/wp-json\/wp\/v2\/pages\/4627\/revisions"}],"predecessor-version":[{"id":4765,"href":"https:\/\/iescubas-cat.infd.edu.ar\/sitio\/wp-json\/wp\/v2\/pages\/4627\/revisions\/4765"}],"wp:attachment":[{"href":"https:\/\/iescubas-cat.infd.edu.ar\/sitio\/wp-json\/wp\/v2\/media?parent=4627"}],"curies":[{"name":"wp","href":"https:\/\/api.w.org\/{rel}","templated":true}]}}