{"id":5589,"date":"2023-08-30T23:45:27","date_gmt":"2023-08-31T02:45:27","guid":{"rendered":"https:\/\/iescubas-cat.infd.edu.ar\/sitio\/?page_id=5589"},"modified":"2023-09-01T01:42:34","modified_gmt":"2023-09-01T04:42:34","slug":"3-er-2023-lom-definitivos","status":"publish","type":"page","link":"https:\/\/iescubas-cat.infd.edu.ar\/sitio\/3-er-2023-lom-definitivos\/","title":{"rendered":"3 er.\/2023 LOM DEFINITIVOS"},"content":{"rendered":"\n<p><\/p>\n\n\n<div class=\"wp-block-image\">\n<figure class=\"aligncenter size-full is-resized\"><img decoding=\"async\" loading=\"lazy\" src=\"https:\/\/iescubas-cat.infd.edu.ar\/sitio\/wp-content\/uploads\/2023\/08\/COMUNICADO.png\" alt=\"\" class=\"wp-image-5615\" width=\"549\" height=\"414\"\/><\/figure><\/div>\n\n\n<p> <p class=\"has-background has-medium-font-size\" style=\"background-color:#b3bac4\"><strong><strong>PROFESORADO DE EDUCACI\u00d3N SUPERIOR CS. DE LA EDUCACI\u00d3N<\/strong><\/strong><\/p>   <p><a rel=\"noreferrer noopener\" href=\"https:\/\/iescubas-cat.infd.edu.ar\/sitio\/wp-content\/uploads\/2023\/08\/WhatsApp-Image-2023-08-30-at-22.54.00-1.jpeg\" target=\"_blank\">UDI: : ESTAD\u00cdSTICAS Y POL\u00cdTICAS EDUCATIVAS<\/a><\/p>   <p id=\"block-3e27b2c7-9cf7-4512-bba0-71e5872743b1\"><a rel=\"noreferrer noopener\" href=\"https:\/\/iescubas-cat.infd.edu.ar\/sitio\/wp-content\/uploads\/2023\/08\/WhatsApp-Image-2023-08-30-at-00.29.37.jpeg\" target=\"_blank\">DID\u00c1CTICA DE LA EDUCACI\u00d3N MEDIA Y SUPERIOR<\/a><\/p>   <p><a rel=\"noreferrer noopener\" href=\"https:\/\/iescubas-cat.infd.edu.ar\/sitio\/wp-content\/uploads\/2023\/08\/WhatsApp-Image-2023-08-30-at-22.52.46.jpeg\" target=\"_blank\">EPISTEMOLOGIA DE LAS CIENCIAS SOCIALES Y DE LA EDUCACI\u00d3N<\/a><\/p>   <p class=\"has-background has-medium-font-size\" style=\"background-color:#b3bac4\"><strong><strong>PROFESORADO DE EDUCACI\u00d3N INICIAL<\/strong><\/strong><\/p>   <p><a rel=\"noreferrer noopener\" href=\"https:\/\/iescubas-cat.infd.edu.ar\/sitio\/wp-content\/uploads\/2023\/08\/WhatsApp-Image-2023-08-30-at-00.31.22.jpeg\" target=\"_blank\">AREA ESTETICO EXPRESIVA I: LENGUAJE PLASTICO VISUAL<\/a><\/p>   <p class=\"has-background has-medium-font-size\" style=\"background-color:#b3bac4\"><strong><strong>PROFESORADO DE EDUCACI\u00d3N TECNOL\u00d3GICA<\/strong><\/strong><\/p>   <p><a rel=\"noreferrer noopener\" href=\"https:\/\/iescubas-cat.infd.edu.ar\/sitio\/wp-content\/uploads\/2023\/08\/WhatsApp-Image-2023-08-30-at-00.28.37.jpeg\" target=\"_blank\">DID\u00c1CTICA GENERAL<\/a><\/p>   <p class=\"has-background has-medium-font-size\" style=\"background-color:#b3bac4\"><span style=\"\"><b>PROFESORADO DE <\/b><\/span><strong><strong>EDUCACI\u00d3N SECUNDARIA EN GEOGRAF\u00cdA<\/strong><\/strong><\/p>   <p><a rel=\"noreferrer noopener\" href=\"https:\/\/iescubas-cat.infd.edu.ar\/sitio\/wp-content\/uploads\/2023\/08\/WhatsApp-Image-2023-08-30-at-00.30.22.jpeg\" target=\"_blank\">PRACTICA II: CURRICULO Y PROGRAMACI\u00d3N DE LA ENSE\u00d1ANZA<\/a><\/p><\/p>\n\n\n\n<p><a href=\"https:\/\/iescubas-cat.infd.edu.ar\/sitio\/wp-content\/uploads\/2023\/08\/WhatsApp-Image-2023-08-31-at-00.07.51-1.jpeg\" target=\"_blank\" rel=\"noreferrer noopener\">PROPUESTA DE DEFINICION INSTITUCIONAL<\/a><\/p>\n\n\n\n<p><a href=\"https:\/\/iescubas-cat.infd.edu.ar\/sitio\/wp-content\/uploads\/2023\/08\/WhatsApp-Image-2023-08-31-at-00.07.51-2.jpeg\" target=\"_blank\" rel=\"noreferrer noopener\">DID\u00c1CTICA DE LAS CS. SOCIALES<\/a><\/p>\n\n\n<p><a href=\"https:\/\/iescubas-cat.infd.edu.ar\/sitio\/wp-content\/uploads\/2023\/09\/WhatsApp-Image-2023-08-31-at-20.41.29.jpeg\" target=\"_blank\" rel=\"noopener\">GEOGRAF\u00cdA CULTURAL &#8211;<\/a><\/p>\n\n\n<p><a rel=\"noreferrer noopener\" href=\"https:\/\/iescubas-cat.infd.edu.ar\/sitio\/wp-content\/uploads\/2023\/09\/WhatsApp-Image-2023-08-31-at-20.40.492.jpeg\" target=\"_blank\">INTRODUC<\/a><a rel=\"noreferrer noopener\" href=\"https:\/\/iescubas-cat.infd.edu.ar\/sitio\/wp-content\/uploads\/2023\/09\/WhatsApp-Image-2023-08-31-at-20.40.492.jpeg\" target=\"_blank\">CI\u00d3N<\/a><a rel=\"noreferrer noopener\" href=\"https:\/\/iescubas-cat.infd.edu.ar\/sitio\/wp-content\/uploads\/2023\/09\/WhatsApp-Image-2023-08-31-at-20.40.492.jpeg\" target=\"_blank\">    A  LA GEOGRAF\u00cdA<\/a><\/p>\n\n\n<p><a href=\"https:\/\/iescubas-cat.infd.edu.ar\/sitio\/wp-content\/uploads\/2023\/09\/WhatsApp-Image-2023-08-31-at-20.42.04.jpeg\" target=\"_blank\" rel=\"noopener\">PROBLEM\u00c1TICAS AMBIENTALES &#8211;<\/a><\/p>\n\n\n<p><p><a href=\"https:\/\/iescubas-cat.infd.edu.ar\/sitio\/wp-content\/uploads\/2023\/08\/WhatsApp-Image-2023-08-30-at-22.52.21-1.jpeg\" target=\"_blank\" rel=\"noreferrer noopener\">HISTORIA Y EPISTEMOLOGIA DE LA GEOGRAF\u00cdA<span style=\"font-size: revert;\">   <\/span><\/a><\/p><\/p>\n\n\n<p><a href=\"https:\/\/iescubas-cat.infd.edu.ar\/sitio\/wp-content\/uploads\/2023\/09\/LOM-PROVISORIO-POLITICA-Y-GESTION-TERRITORIAL.pdf\" target=\"_blank\" rel=\"noopener\">POL\u00cdTICA Y GESTI\u00d3N TERRITORIAL DE ARGENTINA<\/a><\/p>","protected":false},"excerpt":{"rendered":"<p>PROFESORADO DE EDUCACI\u00d3N SUPERIOR CS. DE LA EDUCACI\u00d3N UDI: : ESTAD\u00cdSTICAS Y POL\u00cdTICAS EDUCATIVAS DID\u00c1CTICA DE LA EDUCACI\u00d3N MEDIA Y SUPERIOR EPISTEMOLOGIA DE LAS CIENCIAS SOCIALES Y DE LA EDUCACI\u00d3N PROFESORADO DE EDUCACI\u00d3N INICIAL AREA ESTETICO EXPRESIVA I: LENGUAJE PLASTICO VISUAL PROFESORADO DE EDUCACI\u00d3N TECNOL\u00d3GICA DID\u00c1CTICA GENERAL PROFESORADO DE EDUCACI\u00d3N SECUNDARIA EN GEOGRAF\u00cdA PRACTICA II: &#8230; <a title=\"3 er.\/2023 LOM DEFINITIVOS\" class=\"read-more\" href=\"https:\/\/iescubas-cat.infd.edu.ar\/sitio\/3-er-2023-lom-definitivos\/\" aria-label=\"More on 3 er.\/2023 LOM DEFINITIVOS\">[+]<\/a><\/p>\n","protected":false},"author":238,"featured_media":0,"parent":0,"menu_order":0,"comment_status":"closed","ping_status":"closed","template":"","meta":[],"acf":[],"_links":{"self":[{"href":"https:\/\/iescubas-cat.infd.edu.ar\/sitio\/wp-json\/wp\/v2\/pages\/5589"}],"collection":[{"href":"https:\/\/iescubas-cat.infd.edu.ar\/sitio\/wp-json\/wp\/v2\/pages"}],"about":[{"href":"https:\/\/iescubas-cat.infd.edu.ar\/sitio\/wp-json\/wp\/v2\/types\/page"}],"author":[{"embeddable":true,"href":"https:\/\/iescubas-cat.infd.edu.ar\/sitio\/wp-json\/wp\/v2\/users\/238"}],"replies":[{"embeddable":true,"href":"https:\/\/iescubas-cat.infd.edu.ar\/sitio\/wp-json\/wp\/v2\/comments?post=5589"}],"version-history":[{"count":6,"href":"https:\/\/iescubas-cat.infd.edu.ar\/sitio\/wp-json\/wp\/v2\/pages\/5589\/revisions"}],"predecessor-version":[{"id":5630,"href":"https:\/\/iescubas-cat.infd.edu.ar\/sitio\/wp-json\/wp\/v2\/pages\/5589\/revisions\/5630"}],"wp:attachment":[{"href":"https:\/\/iescubas-cat.infd.edu.ar\/sitio\/wp-json\/wp\/v2\/media?parent=5589"}],"curies":[{"name":"wp","href":"https:\/\/api.w.org\/{rel}","templated":true}]}}