{"id":5951,"date":"2023-10-24T01:29:39","date_gmt":"2023-10-24T04:29:39","guid":{"rendered":"https:\/\/iescubas-cat.infd.edu.ar\/sitio\/?page_id=5951"},"modified":"2023-10-24T02:56:20","modified_gmt":"2023-10-24T05:56:20","slug":"4-lom-definitivo","status":"publish","type":"page","link":"https:\/\/iescubas-cat.infd.edu.ar\/sitio\/4-lom-definitivo\/","title":{"rendered":"4-LOM-DEFINITIVO"},"content":{"rendered":"\n<p><\/p>\n\n\n<p class=\"has-text-align-left has-background has-medium-font-size\" style=\"background: linear-gradient(240deg,#fff5cb 0%,#b6e3d4 50%,#33a7b5 100%);\"><strong>PROFESORADO DE EDUCACI\u00d3N SECUNDARIA EN GEOGRAF\u00cdA<\/strong><\/p>\n<p><a href=\"https:\/\/iescubas-cat.infd.edu.ar\/sitio\/wp-content\/uploads\/2023\/10\/WhatsApp-Image-2023-10-24-at-02.48.02.jpeg\" target=\"_blank\" rel=\"noopener\">SOCIOLOGIA DE LA EDUCACION<\/a><\/p>\n<p><a href=\"https:\/\/iescubas-cat.infd.edu.ar\/sitio\/wp-content\/uploads\/2023\/10\/WhatsApp-Image-2023-10-24-at-02.12.34.jpeg\" target=\"_blank\" rel=\"noopener\">HISTORIA Y EPISTEMOLOGIA DE LA GEOGRAFIA<\/a><\/p>\n<p><a href=\"https:\/\/iescubas-cat.infd.edu.ar\/sitio\/wp-content\/uploads\/2023\/10\/WhatsApp-Image-2023-10-24-at-02.30.10.jpeg\" target=\"_blank\" rel=\"noopener\">DIDACTICA DE LAS CIENCIAS SOCIALES<\/a><\/p>\n<p><a href=\"https:\/\/iescubas-cat.infd.edu.ar\/sitio\/wp-content\/uploads\/2023\/10\/WhatsApp-Image-2023-10-24-at-02.19.41-2.jpeg\" target=\"_blank\" rel=\"noopener\">POL\u00cdTICA Y GESTI\u00d3N TERRITORIAL DE ARGENTINA<\/a><\/p>\n<p><a href=\"https:\/\/iescubas-cat.infd.edu.ar\/sitio\/wp-content\/uploads\/2023\/10\/WhatsApp-Image-2023-10-24-at-02.30.09-1.jpeg\" target=\"_blank\" rel=\"noopener\">PROPUESTA DE DEFINICI\u00d3N INSTITUCIONAL<\/a><\/p>\n<p class=\"has-text-align-left has-background has-medium-font-size\" style=\"background: linear-gradient(307deg,#fff5cb 0%,#b6e3d4 50%,#33a7b5 100%);\"><strong>PROFESORADO DE EDUCACI\u00d3N TECNOL\u00d3GICA<\/strong><\/p>\n<p><a href=\"https:\/\/iescubas-cat.infd.edu.ar\/sitio\/wp-content\/uploads\/2023\/10\/WhatsApp-Image-2023-10-24-at-02.50.35.jpeg\" target=\"_blank\" rel=\"noopener\">SUJETO DE LA EDUCACION INICIAL Y PRIMARIA<\/a><\/p>\n<p><a href=\"https:\/\/iescubas-cat.infd.edu.ar\/sitio\/wp-content\/uploads\/2023\/10\/WhatsApp-Image-2023-10-24-at-02.30.08-1.jpeg\" target=\"_blank\" rel=\"noopener\">DID\u00c1CTICA GENERAL<\/a><\/p>\n<p class=\"has-text-align-left has-background has-medium-font-size\" style=\"background: linear-gradient(272deg,#fff5cb 0%,#b6e3d4 50%,#33a7b5 100%);\">PROFESORADO DE EDUCACI\u00d3N SUPERIOR EN CIENCIAS DE LA EDUCACI\u00d3N<\/p>\n<p><a href=\"https:\/\/iescubas-cat.infd.edu.ar\/sitio\/wp-content\/uploads\/2023\/10\/WhatsApp-Image-2023-10-24-at-02.51.51.jpeg\" target=\"_blank\" rel=\"noopener\">SALUD Y EDUCACI\u00d3N SEXUAL INTEGRAL<\/a><\/p>\n<p><a href=\"https:\/\/iescubas-cat.infd.edu.ar\/sitio\/wp-content\/uploads\/2023\/10\/WhatsApp-Image-2023-10-24-at-02.30.09.jpeg\" target=\"_blank\" rel=\"noopener\">EPISTEMOLOGIA DE LAS CS. SOCIALES Y LA EDUCACI\u00d3N<\/a><\/p>\n<p><a href=\"https:\/\/iescubas-cat.infd.edu.ar\/sitio\/wp-content\/uploads\/2023\/10\/WhatsApp-Image-2023-10-24-at-02.30.08-3.jpeg\" target=\"_blank\" rel=\"noopener\">DID\u00c1CTICA DE LA EDUCACI\u00d3N MEDIA Y SUPERIOR<\/a><\/p>\n<p class=\"has-text-align-left has-background has-medium-font-size\" style=\"background: linear-gradient(251deg,#fff5cb 0%,#b6e3d4 50%,#33a7b5 100%);\"><strong>TECNICATURA SUPERIOR EN AN\u00c1LISIS CL\u00cdNICOS<\/strong><\/p>\n<p><a href=\"https:\/\/iescubas-cat.infd.edu.ar\/sitio\/wp-content\/uploads\/2023\/10\/WhatsApp-Image-2023-10-24-at-02.45.00.jpeg\" target=\"_blank\" rel=\"noopener\">PRACTICA DE BIOQU\u00cdMICA CL\u00cdNICA<\/a><\/p>\n\n\n<p><\/p>\n","protected":false},"excerpt":{"rendered":"<p>PROFESORADO DE EDUCACI\u00d3N SECUNDARIA EN GEOGRAF\u00cdA SOCIOLOGIA DE LA EDUCACION HISTORIA Y EPISTEMOLOGIA DE LA GEOGRAFIA DIDACTICA DE LAS CIENCIAS SOCIALES POL\u00cdTICA Y GESTI\u00d3N TERRITORIAL DE ARGENTINA PROPUESTA DE DEFINICI\u00d3N INSTITUCIONAL PROFESORADO DE EDUCACI\u00d3N TECNOL\u00d3GICA SUJETO DE LA EDUCACION INICIAL Y PRIMARIA DID\u00c1CTICA GENERAL PROFESORADO DE EDUCACI\u00d3N SUPERIOR EN CIENCIAS DE LA EDUCACI\u00d3N SALUD Y &#8230; <a title=\"4-LOM-DEFINITIVO\" class=\"read-more\" href=\"https:\/\/iescubas-cat.infd.edu.ar\/sitio\/4-lom-definitivo\/\" aria-label=\"More on 4-LOM-DEFINITIVO\">[+]<\/a><\/p>\n","protected":false},"author":238,"featured_media":0,"parent":0,"menu_order":0,"comment_status":"closed","ping_status":"closed","template":"","meta":[],"acf":[],"_links":{"self":[{"href":"https:\/\/iescubas-cat.infd.edu.ar\/sitio\/wp-json\/wp\/v2\/pages\/5951"}],"collection":[{"href":"https:\/\/iescubas-cat.infd.edu.ar\/sitio\/wp-json\/wp\/v2\/pages"}],"about":[{"href":"https:\/\/iescubas-cat.infd.edu.ar\/sitio\/wp-json\/wp\/v2\/types\/page"}],"author":[{"embeddable":true,"href":"https:\/\/iescubas-cat.infd.edu.ar\/sitio\/wp-json\/wp\/v2\/users\/238"}],"replies":[{"embeddable":true,"href":"https:\/\/iescubas-cat.infd.edu.ar\/sitio\/wp-json\/wp\/v2\/comments?post=5951"}],"version-history":[{"count":2,"href":"https:\/\/iescubas-cat.infd.edu.ar\/sitio\/wp-json\/wp\/v2\/pages\/5951\/revisions"}],"predecessor-version":[{"id":5974,"href":"https:\/\/iescubas-cat.infd.edu.ar\/sitio\/wp-json\/wp\/v2\/pages\/5951\/revisions\/5974"}],"wp:attachment":[{"href":"https:\/\/iescubas-cat.infd.edu.ar\/sitio\/wp-json\/wp\/v2\/media?parent=5951"}],"curies":[{"name":"wp","href":"https:\/\/api.w.org\/{rel}","templated":true}]}}