{"id":6357,"date":"2024-04-30T00:50:25","date_gmt":"2024-04-30T03:50:25","guid":{"rendered":"https:\/\/iescubas-cat.infd.edu.ar\/sitio\/?page_id=6357"},"modified":"2024-05-23T22:15:41","modified_gmt":"2024-05-24T01:15:41","slug":"abril-24-evaluadores","status":"publish","type":"page","link":"https:\/\/iescubas-cat.infd.edu.ar\/sitio\/abril-24-evaluadores\/","title":{"rendered":"ABRIL\/24-EVALUADORES"},"content":{"rendered":"<div class=\"wp-block-image\">\n<figure class=\"aligncenter size-full is-resized\"><img decoding=\"async\" loading=\"lazy\" src=\"https:\/\/iescubas-cat.infd.edu.ar\/sitio\/wp-content\/uploads\/2022\/06\/CERTIFICADOS-1.png\" alt=\"\" class=\"wp-image-2556\" width=\"778\" height=\"247\" srcset=\"https:\/\/iescubas-cat.infd.edu.ar\/sitio\/wp-content\/uploads\/2022\/06\/CERTIFICADOS-1.png 806w, https:\/\/iescubas-cat.infd.edu.ar\/sitio\/wp-content\/uploads\/2022\/06\/CERTIFICADOS-1-768x244.png 768w\" sizes=\"(max-width: 778px) 100vw, 778px\" \/><\/figure><\/div>\n\n\n<p><\/p>\n\n\n\n<p><\/p>\n\n\n\n<p><\/p>\n\n\n\n<div class=\"wp-block-group is-layout-constrained\"><div class=\"wp-block-group__inner-container\">\n<div class=\"wp-block-columns is-layout-flex wp-container-6\">\n<div class=\"wp-block-column is-layout-flow\" style=\"flex-basis:25%\">\n<p><a rel=\"noreferrer noopener\" href=\"https:\/\/iescubas-cat.infd.edu.ar\/sitio\/wp-content\/uploads\/2024\/04\/ACEVEDO-DANIELA.pdf\" target=\"_blank\">ACEVEDO DANIEL<\/a><\/p>\n\n\n\n<p><a href=\"https:\/\/iescubas-cat.infd.edu.ar\/sitio\/wp-content\/uploads\/2024\/05\/ARAMBURU-RAUL.pdf\" target=\"_blank\" rel=\"noreferrer noopener\">ARAMBURU RAUL<\/a><\/p>\n\n\n\n<p><a href=\"https:\/\/iescubas-cat.infd.edu.ar\/sitio\/wp-content\/uploads\/2024\/04\/AREDES-MARIA-LORENA.pdf\" target=\"_blank\" rel=\"noreferrer noopener\">AREDES MARIA LORENA<\/a><\/p>\n\n\n\n<p><a href=\"https:\/\/iescubas-cat.infd.edu.ar\/sitio\/wp-content\/uploads\/2024\/05\/AUSILIO-FABIAN.pdf\" data-type=\"URL\" data-id=\"https:\/\/iescubas-cat.infd.edu.ar\/sitio\/wp-content\/uploads\/2024\/05\/AUSILIO-FABIAN.pdf\" target=\"_blank\" rel=\"noreferrer noopener\">AUSILIO FABIAN<\/a><\/p>\n\n\n\n<p><a rel=\"noreferrer noopener\" href=\"https:\/\/iescubas-cat.infd.edu.ar\/sitio\/wp-content\/uploads\/2024\/05\/BAMBLEY-JULIO.pdf\" data-type=\"URL\" data-id=\"https:\/\/iescubas-cat.infd.edu.ar\/sitio\/wp-content\/uploads\/2024\/05\/BAMBLEY-JULIO.pdf\" target=\"_blank\">B<\/a><a rel=\"noreferrer noopener\" href=\"https:\/\/iescubas-cat.infd.edu.ar\/sitio\/wp-content\/uploads\/2024\/05\/BAMBLEY-JULIO.pdf\" data-type=\"URL\" data-id=\"https:\/\/iescubas-cat.infd.edu.ar\/sitio\/wp-content\/uploads\/2024\/05\/BAMBLEY-JULIO.pdf\" target=\"_blank\">L<\/a><a rel=\"noreferrer noopener\" href=\"https:\/\/iescubas-cat.infd.edu.ar\/sitio\/wp-content\/uploads\/2024\/05\/BAMBLEY-JULIO.pdf\" data-type=\"URL\" data-id=\"https:\/\/iescubas-cat.infd.edu.ar\/sitio\/wp-content\/uploads\/2024\/05\/BAMBLEY-JULIO.pdf\" target=\"_blank\">A<\/a><a rel=\"noreferrer noopener\" href=\"https:\/\/iescubas-cat.infd.edu.ar\/sitio\/wp-content\/uploads\/2024\/05\/BAMBLEY-JULIO.pdf\" data-type=\"URL\" data-id=\"https:\/\/iescubas-cat.infd.edu.ar\/sitio\/wp-content\/uploads\/2024\/05\/BAMBLEY-JULIO.pdf\" target=\"_blank\">MEY JULIO<\/a><\/p>\n\n\n\n<p><a href=\"https:\/\/iescubas-cat.infd.edu.ar\/sitio\/wp-content\/uploads\/2024\/04\/BULACIOS-FRANCO.pdf\" target=\"_blank\" rel=\"noreferrer noopener\">BULACIOS FRANCO<\/a><\/p>\n\n\n\n<p><a href=\"https:\/\/iescubas-cat.infd.edu.ar\/sitio\/wp-content\/uploads\/2024\/04\/CANCECO-GRACIELA.pdf\" target=\"_blank\" rel=\"noreferrer noopener\">CANCECO GRACIELA<\/a><\/p>\n\n\n\n<p><a href=\"https:\/\/iescubas-cat.infd.edu.ar\/sitio\/wp-content\/uploads\/2024\/04\/CARRAZANA-YAMILA.pdf\" target=\"_blank\" rel=\"noreferrer noopener\">CARRAZANA YAMILA<\/a><\/p>\n\n\n\n<p><a href=\"https:\/\/iescubas-cat.infd.edu.ar\/sitio\/wp-content\/uploads\/2024\/04\/CARRENO-ARIEL.pdf\" target=\"_blank\" rel=\"noreferrer noopener\">CARRE\u00d1O ARIEL<\/a><\/p>\n\n\n\n<p><a href=\"https:\/\/iescubas-cat.infd.edu.ar\/sitio\/wp-content\/uploads\/2024\/04\/CASAS-MARCELO.pdf\" target=\"_blank\" rel=\"noreferrer noopener\">CASAS-MARCELO<\/a><\/p>\n\n\n\n<p><a href=\"https:\/\/iescubas-cat.infd.edu.ar\/sitio\/wp-content\/uploads\/2024\/04\/CISNEROS-JUSTINA.pdf\" target=\"_blank\" rel=\"noreferrer noopener\">CISNEROS JUSTINA<\/a><\/p>\n\n\n\n<p><a href=\"https:\/\/iescubas-cat.infd.edu.ar\/sitio\/wp-content\/uploads\/2024\/05\/CONTRERAS-NATALIA.pdf\" target=\"_blank\" rel=\"noreferrer noopener\">CONTRERAS NATALIA<\/a><\/p>\n\n\n\n<p><a href=\"https:\/\/iescubas-cat.infd.edu.ar\/sitio\/wp-content\/uploads\/2024\/04\/CORDOBA-ROQUE.pdf\" target=\"_blank\" rel=\"noreferrer noopener\">CORDOBA ROQUE<\/a><\/p>\n\n\n\n<p><a href=\"https:\/\/iescubas-cat.infd.edu.ar\/sitio\/wp-content\/uploads\/2024\/04\/CORTON-JOSE-LUIS.pdf\" target=\"_blank\" rel=\"noreferrer noopener\">CORTON JOSE LUIS<\/a><\/p>\n\n\n\n<p><a href=\"https:\/\/iescubas-cat.infd.edu.ar\/sitio\/wp-content\/uploads\/2024\/04\/DELGADA-MARGARITA.pdf\" target=\"_blank\" rel=\"noreferrer noopener\">DELGADA MARGARITA<\/a><\/p>\n\n\n\n<p><a href=\"https:\/\/iescubas-cat.infd.edu.ar\/sitio\/wp-content\/uploads\/2024\/04\/ELIZALDE-LAURA.pdf\" target=\"_blank\" rel=\"noreferrer noopener\">ELIZALDE LAURA<\/a><\/p>\n\n\n\n<p><a href=\"https:\/\/iescubas-cat.infd.edu.ar\/sitio\/wp-content\/uploads\/2024\/05\/ELIZONDO-GRILSEDA-SILVIA-1.pdf\" target=\"_blank\" rel=\"noreferrer noopener\">ELIZONDO GRILSEDA SILVIA<\/a><\/p>\n\n\n\n<p><a href=\"https:\/\/iescubas-cat.infd.edu.ar\/sitio\/wp-content\/uploads\/2024\/04\/ESNARRIAGA-JORGE.pdf\" target=\"_blank\" rel=\"noreferrer noopener\">ESNARRIAGA JORGE<\/a><\/p>\n\n\n\n<p><a href=\"https:\/\/iescubas-cat.infd.edu.ar\/sitio\/wp-content\/uploads\/2024\/04\/FERREYRA-PAOLA.pdf\" target=\"_blank\" rel=\"noreferrer noopener\">FERREYRA PAOLA<\/a><\/p>\n\n\n\n<p><a href=\"https:\/\/iescubas-cat.infd.edu.ar\/sitio\/wp-content\/uploads\/2024\/04\/GODOY-PACHECO.pdf\" target=\"_blank\" rel=\"noreferrer noopener\">GODOY PACHECO<\/a><\/p>\n\n\n\n<p><a href=\"https:\/\/iescubas-cat.infd.edu.ar\/sitio\/wp-content\/uploads\/2024\/04\/HERNANDEZ-SIMON.pdf\" target=\"_blank\" rel=\"noreferrer noopener\">HERN\u00c1NDEZ SIM\u00d3N<\/a><\/p>\n\n\n\n<p><a href=\"https:\/\/iescubas-cat.infd.edu.ar\/sitio\/wp-content\/uploads\/2024\/04\/JUAREZ-IVANNA.pdf\" target=\"_blank\" rel=\"noreferrer noopener\">JUAREZ IVANNA<\/a><\/p>\n\n\n\n<p><a rel=\"noreferrer noopener\" href=\"https:\/\/iescubas-cat.infd.edu.ar\/sitio\/wp-content\/uploads\/2024\/04\/LERA-JESUS-SALVADOR.pdf\" target=\"_blank\">LERA JESUS SALVADOR<\/a><\/p>\n\n\n\n<p><\/p>\n<\/div>\n\n\n\n<div class=\"wp-block-column is-vertically-aligned-center is-layout-flow\" style=\"flex-basis:50%\">\n<p><\/p>\n\n\n\n<p><\/p>\n\n\n\n<p><\/p>\n\n\n\n<p><\/p>\n\n\n\n<div class=\"wp-block-columns is-layout-flex wp-container-3\">\n<div class=\"wp-block-column is-layout-flow\"><\/div>\n<\/div>\n\n\n\n<p><\/p>\n\n\n\n<p><\/p>\n\n\n\n<p><\/p>\n\n\n\n<p><\/p>\n\n\n\n<p><\/p>\n\n\n\n<p><\/p>\n\n\n<div class=\"wp-block-image\">\n<figure class=\"aligncenter size-full is-resized\"><img decoding=\"async\" loading=\"lazy\" src=\"https:\/\/iescubas-cat.infd.edu.ar\/sitio\/wp-content\/uploads\/2024\/05\/muchas-gracias222.png\" alt=\"\" class=\"wp-image-6457\" width=\"384\" height=\"187\"\/><\/figure><\/div>\n\n\n<p><\/p>\n\n\n\n<p><\/p>\n\n\n\n<p><\/p>\n\n\n\n<p><\/p>\n\n\n\n<p><\/p>\n\n\n\n<p><\/p>\n\n\n\n<p><\/p>\n\n\n\n<p><\/p>\n\n\n\n<p><\/p>\n\n\n\n<p><\/p>\n\n\n\n<p><\/p>\n\n\n\n<p><\/p>\n\n\n\n<p><\/p>\n\n\n\n<p><\/p>\n<\/div>\n\n\n\n<div class=\"wp-block-column is-layout-flow\" style=\"flex-basis:25%\">\n<p><a rel=\"noreferrer noopener\" href=\"https:\/\/iescubas-cat.infd.edu.ar\/sitio\/wp-content\/uploads\/2024\/04\/LOBO-RUBEN.pdf\" target=\"_blank\">LOBO RUBEN<\/a><\/p>\n\n\n\n<p><a rel=\"noreferrer noopener\" href=\"https:\/\/iescubas-cat.infd.edu.ar\/sitio\/wp-content\/uploads\/2024\/04\/MARTINEZ-JULIA.pdf\" target=\"_blank\">MARTINEZ JULIA<\/a><\/p>\n\n\n\n<p><a rel=\"noreferrer noopener\" href=\"https:\/\/iescubas-cat.infd.edu.ar\/sitio\/wp-content\/uploads\/2024\/04\/MASCARENO-SONIA.pdf\" target=\"_blank\">MASCARE\u00d1O SONIA<\/a><\/p>\n\n\n\n<p><a href=\"https:\/\/iescubas-cat.infd.edu.ar\/sitio\/wp-content\/uploads\/2024\/04\/MONTES-CLAUDIA.pdf\" target=\"_blank\" rel=\"noreferrer noopener\">MONTES CLAUDIA<\/a><\/p>\n\n\n\n<p><a href=\"https:\/\/iescubas-cat.infd.edu.ar\/sitio\/wp-content\/uploads\/2024\/04\/MONTIERO-NELSON.pdf\" target=\"_blank\" rel=\"noreferrer noopener\">MONTIERO NELSON<\/a><\/p>\n\n\n\n<p><a href=\"https:\/\/iescubas-cat.infd.edu.ar\/sitio\/wp-content\/uploads\/2024\/04\/MORALES-CHRISTIAN.pdf\" target=\"_blank\" rel=\"noreferrer noopener\">MORALES CHRISTIAN<\/a><\/p>\n\n\n\n<p><a href=\"https:\/\/iescubas-cat.infd.edu.ar\/sitio\/wp-content\/uploads\/2024\/04\/NAVARRO-LAURA.pdf\" target=\"_blank\" rel=\"noreferrer noopener\">NAVARRO LAURA<\/a><\/p>\n\n\n\n<p><a href=\"https:\/\/iescubas-cat.infd.edu.ar\/sitio\/wp-content\/uploads\/2024\/04\/NINO-ANDREA-LILIANA-1.pdf\" target=\"_blank\" rel=\"noreferrer noopener\">NI\u00d1O ANDREA LILIANA<\/a><\/p>\n\n\n\n<p><a href=\"https:\/\/iescubas-cat.infd.edu.ar\/sitio\/wp-content\/uploads\/2024\/04\/OLIVA-NOELIA.pdf\" target=\"_blank\" rel=\"noreferrer noopener\">OLIVA NOELIA<\/a><\/p>\n\n\n\n<p><a href=\"https:\/\/iescubas-cat.infd.edu.ar\/sitio\/wp-content\/uploads\/2024\/04\/PASTRANA-JAVIER.pdf\" target=\"_blank\" rel=\"noreferrer noopener\">PASTRANA JAVIER<\/a><\/p>\n\n\n\n<p><a href=\"https:\/\/iescubas-cat.infd.edu.ar\/sitio\/wp-content\/uploads\/2024\/04\/POL-SORAYA.pdf\" target=\"_blank\" rel=\"noreferrer noopener\">POL SORAYA<\/a><\/p>\n\n\n\n<p><a href=\"https:\/\/iescubas-cat.infd.edu.ar\/sitio\/wp-content\/uploads\/2024\/04\/RODRIGUEZ-ROMINA.pdf\" target=\"_blank\" rel=\"noreferrer noopener\">RODRIGUEZ ROMINA<\/a><\/p>\n\n\n\n<p><a href=\"https:\/\/iescubas-cat.infd.edu.ar\/sitio\/wp-content\/uploads\/2024\/04\/ROMERO-MARCELO.pdf\" target=\"_blank\" rel=\"noreferrer noopener\">ROMERO MARCELO<\/a><\/p>\n\n\n\n<p><a href=\"https:\/\/iescubas-cat.infd.edu.ar\/sitio\/wp-content\/uploads\/2024\/04\/SOBA-JULIETA.pdf\" target=\"_blank\" rel=\"noreferrer noopener\">SOBA JULIETA<\/a><\/p>\n\n\n\n<p><a rel=\"noreferrer noopener\" href=\"https:\/\/iescubas-cat.infd.edu.ar\/sitio\/wp-content\/uploads\/2024\/05\/SPOSATI-ALEJANDRA.pdf\" target=\"_blank\">SPOSARI ALEJANDRA<\/a><\/p>\n\n\n\n<p><a href=\"https:\/\/iescubas-cat.infd.edu.ar\/sitio\/wp-content\/uploads\/2024\/04\/TOLEDO-FELIPE.pdf\" target=\"_blank\" rel=\"noreferrer noopener\">TOLEDO FELIPE<\/a><\/p>\n\n\n\n<p><a href=\"https:\/\/iescubas-cat.infd.edu.ar\/sitio\/wp-content\/uploads\/2024\/04\/VALDEZ-PATRICIA.pdf\" target=\"_blank\" rel=\"noreferrer noopener\">VALDEZ PATRICIA<\/a><\/p>\n\n\n\n<p><a href=\"https:\/\/iescubas-cat.infd.edu.ar\/sitio\/wp-content\/uploads\/2024\/04\/VEGA-DANIEL-SEBASTIAN.pdf\" target=\"_blank\" rel=\"noreferrer noopener\">VEGA DANIEL SEBASTIAN<\/a><\/p>\n\n\n\n<p><a href=\"https:\/\/iescubas-cat.infd.edu.ar\/sitio\/wp-content\/uploads\/2024\/05\/VERA-PORCU-FLORENCIA.pdf\" target=\"_blank\" rel=\"noreferrer noopener\">VERA PORCU FLORENCIA<\/a><\/p>\n\n\n\n<p><a href=\"https:\/\/iescubas-cat.infd.edu.ar\/sitio\/wp-content\/uploads\/2024\/04\/VILLAFANEZ-VERONICA.pdf\" target=\"_blank\" rel=\"noreferrer noopener\">VILLAFA\u00d1EZ VERONICA<\/a><\/p>\n\n\n\n<p><a href=\"https:\/\/iescubas-cat.infd.edu.ar\/sitio\/wp-content\/uploads\/2024\/04\/VIVANCO.pdf\" target=\"_blank\" rel=\"noreferrer noopener\">VIVANCO<\/a><\/p>\n\n\n\n<p><a rel=\"noreferrer noopener\" href=\"https:\/\/iescubas-cat.infd.edu.ar\/sitio\/wp-content\/uploads\/2024\/04\/ZUNIGA-CARLOS-1.pdf\" target=\"_blank\">ZU\u00d1IGA CARLOS<\/a><\/p>\n<\/div>\n<\/div>\n<\/div><\/div>\n\n\n\n<p><\/p>\n\n\n\n<p><\/p>\n\n\n\n<p><\/p>\n\n\n\n<figure class=\"wp-block-image\"><img alt=\"\"\/><\/figure>\n","protected":false},"excerpt":{"rendered":"<p>ACEVEDO DANIEL ARAMBURU RAUL AREDES MARIA LORENA AUSILIO FABIAN BLAMEY JULIO BULACIOS FRANCO CANCECO GRACIELA CARRAZANA YAMILA CARRE\u00d1O ARIEL CASAS-MARCELO CISNEROS JUSTINA CONTRERAS NATALIA CORDOBA ROQUE CORTON JOSE LUIS DELGADA MARGARITA ELIZALDE LAURA ELIZONDO GRILSEDA SILVIA ESNARRIAGA JORGE FERREYRA PAOLA GODOY PACHECO HERN\u00c1NDEZ SIM\u00d3N JUAREZ IVANNA LERA JESUS SALVADOR LOBO RUBEN MARTINEZ JULIA MASCARE\u00d1O SONIA &#8230; <a title=\"ABRIL\/24-EVALUADORES\" class=\"read-more\" href=\"https:\/\/iescubas-cat.infd.edu.ar\/sitio\/abril-24-evaluadores\/\" aria-label=\"More on ABRIL\/24-EVALUADORES\">[+]<\/a><\/p>\n","protected":false},"author":238,"featured_media":0,"parent":0,"menu_order":0,"comment_status":"closed","ping_status":"closed","template":"","meta":[],"acf":[],"_links":{"self":[{"href":"https:\/\/iescubas-cat.infd.edu.ar\/sitio\/wp-json\/wp\/v2\/pages\/6357"}],"collection":[{"href":"https:\/\/iescubas-cat.infd.edu.ar\/sitio\/wp-json\/wp\/v2\/pages"}],"about":[{"href":"https:\/\/iescubas-cat.infd.edu.ar\/sitio\/wp-json\/wp\/v2\/types\/page"}],"author":[{"embeddable":true,"href":"https:\/\/iescubas-cat.infd.edu.ar\/sitio\/wp-json\/wp\/v2\/users\/238"}],"replies":[{"embeddable":true,"href":"https:\/\/iescubas-cat.infd.edu.ar\/sitio\/wp-json\/wp\/v2\/comments?post=6357"}],"version-history":[{"count":31,"href":"https:\/\/iescubas-cat.infd.edu.ar\/sitio\/wp-json\/wp\/v2\/pages\/6357\/revisions"}],"predecessor-version":[{"id":6521,"href":"https:\/\/iescubas-cat.infd.edu.ar\/sitio\/wp-json\/wp\/v2\/pages\/6357\/revisions\/6521"}],"wp:attachment":[{"href":"https:\/\/iescubas-cat.infd.edu.ar\/sitio\/wp-json\/wp\/v2\/media?parent=6357"}],"curies":[{"name":"wp","href":"https:\/\/api.w.org\/{rel}","templated":true}]}}