{"id":6525,"date":"2024-05-28T01:31:07","date_gmt":"2024-05-28T04:31:07","guid":{"rendered":"https:\/\/iescubas-cat.infd.edu.ar\/sitio\/?page_id=6525"},"modified":"2024-08-11T19:50:58","modified_gmt":"2024-08-11T22:50:58","slug":"2024-2do-concurso","status":"publish","type":"page","link":"https:\/\/iescubas-cat.infd.edu.ar\/sitio\/2024-2do-concurso\/","title":{"rendered":"2024 &#8211; 2do. Concurso"},"content":{"rendered":"<div class=\"wp-block-image\">\n<figure class=\"aligncenter size-full\"><img decoding=\"async\" loading=\"lazy\" width=\"729\" height=\"202\" src=\"https:\/\/iescubas-cat.infd.edu.ar\/sitio\/wp-content\/uploads\/2024\/06\/DEFINITIVO.png\" alt=\"\" class=\"wp-image-6561\"\/><\/figure><\/div>\n\n\n<p><\/p>\n\n\n\n<p><\/p>\n\n\n\n<p class=\"has-text-align-center has-base-3-color has-midnight-gradient-background has-text-color has-background has-medium-font-size\"><strong><strong><strong>TEC. SUP EN ENFERMER\u00cdA<\/strong><\/strong><\/strong><\/p>\n\n\n\n<p><a href=\"https:\/\/iescubas-cat.infd.edu.ar\/sitio\/wp-content\/uploads\/2024\/06\/CUIDADOS-EN-ENFERMERIA-CLINICA.pdf\" target=\"_blank\" rel=\"noreferrer noopener\">CUIDADOS EN ENFERMER\u00cdA CL\u00cdNICA Y QUIR\u00daRGICA<\/a><\/p>\n\n\n\n<p><a href=\"https:\/\/iescubas-cat.infd.edu.ar\/sitio\/wp-content\/uploads\/2024\/06\/ENFERMERIA-Y-CLINICA-MEDICA.pdf\" target=\"_blank\" rel=\"noreferrer noopener\">ENFERMER\u00cdA Y CL\u00cdNICA M\u00c9DICA<\/a><\/p>\n\n\n\n<p><a href=\"https:\/\/iescubas-cat.infd.edu.ar\/sitio\/wp-content\/uploads\/2024\/06\/PRACTICA-HOSPITALARIA-MEDICA-Y-ENF-Q.pdf\" target=\"_blank\" rel=\"noreferrer noopener\">PR\u00c1CTICA HOSPITALARIA M\u00c9DICA Y ENFERMER\u00cdA QUIR\u00daRGICA&nbsp;<\/a><\/p>\n\n\n\n<p><\/p>\n\n\n\n<p class=\"has-text-align-center has-base-3-color has-midnight-gradient-background has-text-color has-background has-medium-font-size\"><strong><strong><strong><strong>TEC. SUP.EN AGENTE SANITARIO Y PROMOCION COMUNITARIA DE LA SALUD<\/strong><\/strong><\/strong>ANTROPOLOG\u00cdA SOCIO CULTURAL<\/strong><\/p>\n\n\n\n<p><a href=\"https:\/\/iescubas-cat.infd.edu.ar\/sitio\/wp-content\/uploads\/2024\/06\/PRACTICA-LABORAL.pdf\" target=\"_blank\" rel=\"noreferrer noopener\">PR\u00c1CTICA LABORAL RECONOCIMIENTO DE LA ORGANIZACI\u00d3N DEL SISTEMA P\u00daBLICO DE SALUD<\/a><\/p>\n\n\n\n<p><\/p>\n\n\n\n<p><\/p>\n\n\n\n<p><\/p>\n","protected":false},"excerpt":{"rendered":"<p>TEC. SUP EN ENFERMER\u00cdA CUIDADOS EN ENFERMER\u00cdA CL\u00cdNICA Y QUIR\u00daRGICA ENFERMER\u00cdA Y CL\u00cdNICA M\u00c9DICA PR\u00c1CTICA HOSPITALARIA M\u00c9DICA Y ENFERMER\u00cdA QUIR\u00daRGICA&nbsp; TEC. SUP.EN AGENTE SANITARIO Y PROMOCION COMUNITARIA DE LA SALUDANTROPOLOG\u00cdA SOCIO CULTURAL PR\u00c1CTICA LABORAL RECONOCIMIENTO DE LA ORGANIZACI\u00d3N DEL SISTEMA P\u00daBLICO DE SALUD<\/p>\n","protected":false},"author":238,"featured_media":0,"parent":0,"menu_order":0,"comment_status":"closed","ping_status":"closed","template":"","meta":[],"acf":[],"_links":{"self":[{"href":"https:\/\/iescubas-cat.infd.edu.ar\/sitio\/wp-json\/wp\/v2\/pages\/6525"}],"collection":[{"href":"https:\/\/iescubas-cat.infd.edu.ar\/sitio\/wp-json\/wp\/v2\/pages"}],"about":[{"href":"https:\/\/iescubas-cat.infd.edu.ar\/sitio\/wp-json\/wp\/v2\/types\/page"}],"author":[{"embeddable":true,"href":"https:\/\/iescubas-cat.infd.edu.ar\/sitio\/wp-json\/wp\/v2\/users\/238"}],"replies":[{"embeddable":true,"href":"https:\/\/iescubas-cat.infd.edu.ar\/sitio\/wp-json\/wp\/v2\/comments?post=6525"}],"version-history":[{"count":11,"href":"https:\/\/iescubas-cat.infd.edu.ar\/sitio\/wp-json\/wp\/v2\/pages\/6525\/revisions"}],"predecessor-version":[{"id":6634,"href":"https:\/\/iescubas-cat.infd.edu.ar\/sitio\/wp-json\/wp\/v2\/pages\/6525\/revisions\/6634"}],"wp:attachment":[{"href":"https:\/\/iescubas-cat.infd.edu.ar\/sitio\/wp-json\/wp\/v2\/media?parent=6525"}],"curies":[{"name":"wp","href":"https:\/\/api.w.org\/{rel}","templated":true}]}}