{"id":6660,"date":"2024-08-16T17:06:11","date_gmt":"2024-08-16T20:06:11","guid":{"rendered":"https:\/\/iescubas-cat.infd.edu.ar\/sitio\/?page_id=6660"},"modified":"2024-09-23T15:50:48","modified_gmt":"2024-09-23T18:50:48","slug":"2024-3-lom-definitivo","status":"publish","type":"page","link":"https:\/\/iescubas-cat.infd.edu.ar\/sitio\/2024-3-lom-definitivo\/","title":{"rendered":"2024- 3- LOM-DEFINITIVO"},"content":{"rendered":"<div class=\"wp-block-image\">\n<figure class=\"aligncenter size-full is-resized\"><img decoding=\"async\" loading=\"lazy\" src=\"https:\/\/iescubas-cat.infd.edu.ar\/sitio\/wp-content\/uploads\/2024\/08\/COMUNICADO.png\" alt=\"\" class=\"wp-image-6671\" width=\"499\" height=\"576\" srcset=\"https:\/\/iescubas-cat.infd.edu.ar\/sitio\/wp-content\/uploads\/2024\/08\/COMUNICADO.png 1156w, https:\/\/iescubas-cat.infd.edu.ar\/sitio\/wp-content\/uploads\/2024\/08\/COMUNICADO-865x1000.png 865w, https:\/\/iescubas-cat.infd.edu.ar\/sitio\/wp-content\/uploads\/2024\/08\/COMUNICADO-768x888.png 768w\" sizes=\"(max-width: 499px) 100vw, 499px\" \/><\/figure><\/div>\n\n\n<hr class=\"wp-block-separator has-alpha-channel-opacity\"\/>\n\n\n<div class=\"wp-block-image\">\n<figure class=\"aligncenter size-full\"><img decoding=\"async\" loading=\"lazy\" width=\"615\" height=\"600\" src=\"https:\/\/iescubas-cat.infd.edu.ar\/sitio\/wp-content\/uploads\/2024\/09\/SUSPENSION-EDUC.jpg\" alt=\"\" class=\"wp-image-6850\"\/><\/figure><\/div>\n\n\n<hr class=\"wp-block-separator has-alpha-channel-opacity\"\/>\n\n\n\n<p class=\"has-text-align-center has-base-3-color has-midnight-gradient-background has-text-color has-background has-medium-font-size\"><strong><strong><strong>PROFESERADO DE EDUCACION INICIAL<\/strong><\/strong><\/strong><\/p>\n\n\n\n<p><a href=\"https:\/\/iescubas-cat.infd.edu.ar\/sitio\/wp-content\/uploads\/2024\/08\/WhatsApp-Image-2024-08-20-at-23.49.58-2.jpeg\" target=\"_blank\" rel=\"noreferrer noopener\">AREA ESTETICO EXP. LENGUAJE -TEATRO<\/a><\/p>\n\n\n\n<p><\/p>\n\n\n\n<p class=\"has-text-align-center has-base-3-color has-midnight-gradient-background has-text-color has-background has-medium-font-size\"><strong><strong><strong>PROF. EDUCACION  TECNOLOGICA<\/strong><\/strong><\/strong><\/p>\n\n\n\n<p><a href=\"https:\/\/iescubas-cat.infd.edu.ar\/sitio\/wp-content\/uploads\/2024\/08\/SIST-TECN.pdf\" target=\"_blank\" rel=\"noreferrer noopener\">SISTEMAS TECNOLOGICOS I PROC. TEC. Y ENERGIA<\/a><\/p>\n\n\n\n<p><\/p>\n\n\n\n<p class=\"has-text-align-center has-base-3-color has-midnight-gradient-background has-text-color has-background has-medium-font-size\"><strong><strong><strong>PROF. EN EDUCACION SECUNDARIA EN GEOGRAFIA<\/strong><\/strong><\/strong><\/p>\n\n\n\n<p><a href=\"https:\/\/iescubas-cat.infd.edu.ar\/sitio\/wp-content\/uploads\/2024\/08\/TIC-GEOGRAFIA.pdf\" target=\"_blank\" rel=\"noreferrer noopener\">TIC APLICADA A LA EDUCACION<\/a><\/p>\n\n\n\n<p><\/p>\n\n\n\n<p class=\"has-text-align-center has-base-3-color has-midnight-gradient-background has-text-color has-background has-medium-font-size\"><strong><strong><strong>PROFESORADO DE EDUC. SUP. EN CIENCIAS DE LA EDUCACION<\/strong><\/strong><\/strong><\/p>\n\n\n\n<p><a href=\"https:\/\/iescubas-cat.infd.edu.ar\/sitio\/wp-content\/uploads\/2024\/08\/TIC-CS.-DE-LA-EDUCACION.pdf\" target=\"_blank\" rel=\"noreferrer noopener\">TIC APLICADA A LA EDUCACION<\/a><\/p>\n\n\n\n<p><\/p>\n\n\n\n<p class=\"has-text-align-center has-base-3-color has-midnight-gradient-background has-text-color has-background has-medium-font-size\"><strong><strong><strong><strong>TEC. SUP.EN AGENTE SANITARIO Y PROMOCION COMUNITARIA DE LA SALUD<\/strong><\/strong><\/strong>ANTROPOLOG\u00cdA SOCIO CULTURAL<\/strong><\/p>\n\n\n\n<p><a href=\"https:\/\/iescubas-cat.infd.edu.ar\/sitio\/wp-content\/uploads\/2024\/08\/WhatsApp-Image-2024-08-20-at-23.47.16.jpeg\" target=\"_blank\" rel=\"noreferrer noopener\">PR\u00c1CTICA LABORAL RECONOCIMIENTO DE LA ORGANIZACI\u00d3N DEL SISTEMA P\u00daBLICO DE SALUD<\/a><\/p>\n","protected":false},"excerpt":{"rendered":"<p>PROFESERADO DE EDUCACION INICIAL AREA ESTETICO EXP. LENGUAJE -TEATRO PROF. EDUCACION TECNOLOGICA SISTEMAS TECNOLOGICOS I PROC. TEC. Y ENERGIA PROF. EN EDUCACION SECUNDARIA EN GEOGRAFIA TIC APLICADA A LA EDUCACION PROFESORADO DE EDUC. SUP. EN CIENCIAS DE LA EDUCACION TIC APLICADA A LA EDUCACION TEC. SUP.EN AGENTE SANITARIO Y PROMOCION COMUNITARIA DE LA SALUDANTROPOLOG\u00cdA SOCIO &#8230; <a title=\"2024- 3- LOM-DEFINITIVO\" class=\"read-more\" href=\"https:\/\/iescubas-cat.infd.edu.ar\/sitio\/2024-3-lom-definitivo\/\" aria-label=\"More on 2024- 3- LOM-DEFINITIVO\">[+]<\/a><\/p>\n","protected":false},"author":238,"featured_media":0,"parent":0,"menu_order":0,"comment_status":"closed","ping_status":"closed","template":"","meta":[],"acf":[],"_links":{"self":[{"href":"https:\/\/iescubas-cat.infd.edu.ar\/sitio\/wp-json\/wp\/v2\/pages\/6660"}],"collection":[{"href":"https:\/\/iescubas-cat.infd.edu.ar\/sitio\/wp-json\/wp\/v2\/pages"}],"about":[{"href":"https:\/\/iescubas-cat.infd.edu.ar\/sitio\/wp-json\/wp\/v2\/types\/page"}],"author":[{"embeddable":true,"href":"https:\/\/iescubas-cat.infd.edu.ar\/sitio\/wp-json\/wp\/v2\/users\/238"}],"replies":[{"embeddable":true,"href":"https:\/\/iescubas-cat.infd.edu.ar\/sitio\/wp-json\/wp\/v2\/comments?post=6660"}],"version-history":[{"count":8,"href":"https:\/\/iescubas-cat.infd.edu.ar\/sitio\/wp-json\/wp\/v2\/pages\/6660\/revisions"}],"predecessor-version":[{"id":6852,"href":"https:\/\/iescubas-cat.infd.edu.ar\/sitio\/wp-json\/wp\/v2\/pages\/6660\/revisions\/6852"}],"wp:attachment":[{"href":"https:\/\/iescubas-cat.infd.edu.ar\/sitio\/wp-json\/wp\/v2\/media?parent=6660"}],"curies":[{"name":"wp","href":"https:\/\/api.w.org\/{rel}","templated":true}]}}