{"id":789,"date":"2018-08-29T20:04:38","date_gmt":"2018-08-29T23:04:38","guid":{"rendered":"https:\/\/iescubas-cat.infd.edu.ar\/sitio\/datos-institucionales\/"},"modified":"2025-08-06T23:23:43","modified_gmt":"2025-08-07T02:23:43","slug":"datos-institucionales","status":"publish","type":"page","link":"https:\/\/iescubas-cat.infd.edu.ar\/sitio\/datos-institucionales\/","title":{"rendered":"Datos institucionales"},"content":{"rendered":"<p><span style=\"color: #99cc00;\"><strong><span style=\"font-family: verdana; font-size: small;\">\u00a0 \u00a0 \u00a0 \u00a0 \u00a0 \u00a0 \u00a0 \u00a0 \u00a0 \u00a0 \u00a0 \u00a0 <img decoding=\"async\" loading=\"lazy\" class=\"wp-image-7340 aligncenter\" src=\"https:\/\/iescubas-cat.infd.edu.ar\/sitio\/wp-content\/uploads\/2025\/08\/SEDES-1000x709.jpeg\" alt=\"\" width=\"737\" height=\"523\" srcset=\"https:\/\/iescubas-cat.infd.edu.ar\/sitio\/wp-content\/uploads\/2025\/08\/SEDES-1000x709.jpeg 1000w, https:\/\/iescubas-cat.infd.edu.ar\/sitio\/wp-content\/uploads\/2025\/08\/SEDES-768x545.jpeg 768w, https:\/\/iescubas-cat.infd.edu.ar\/sitio\/wp-content\/uploads\/2025\/08\/SEDES-1536x1090.jpeg 1536w, https:\/\/iescubas-cat.infd.edu.ar\/sitio\/wp-content\/uploads\/2025\/08\/SEDES.jpeg 1600w\" sizes=\"(max-width: 737px) 100vw, 737px\" \/><\/span><\/strong><\/span><\/p>\n<p><img decoding=\"async\" loading=\"lazy\" class=\"wp-image-7341 aligncenter\" src=\"https:\/\/iescubas-cat.infd.edu.ar\/sitio\/wp-content\/uploads\/2025\/08\/CONTACTO-1000x709.jpeg\" alt=\"\" width=\"406\" height=\"288\" srcset=\"https:\/\/iescubas-cat.infd.edu.ar\/sitio\/wp-content\/uploads\/2025\/08\/CONTACTO-1000x709.jpeg 1000w, https:\/\/iescubas-cat.infd.edu.ar\/sitio\/wp-content\/uploads\/2025\/08\/CONTACTO-768x545.jpeg 768w, https:\/\/iescubas-cat.infd.edu.ar\/sitio\/wp-content\/uploads\/2025\/08\/CONTACTO-1536x1090.jpeg 1536w, https:\/\/iescubas-cat.infd.edu.ar\/sitio\/wp-content\/uploads\/2025\/08\/CONTACTO.jpeg 1600w\" sizes=\"(max-width: 406px) 100vw, 406px\" \/><\/p>\n\n<div class=\"wp-block-image\">\n<figure class=\"aligncenter is-resized\"><a href=\"https:\/\/www.google.com\/maps\/place\/Escuela+Secunadria+N8+Gobernador+Jose+Cubas\/@-28.4596185,-65.7303119,3a,75y,300.83h,93.26t\/data=!3m6!1e1!3m4!1seWpcSo_To6w_4Vnhrymz6Q!2e0!7i13312!8i6656!4m12!1m6!3m5!1s0x0:0x2d72db2ce44703e8!2sEscuela+Secunadria+N8+Gobernador+Jose+Cubas!8m2!3d-28.4592005!4d-65.730728!3m4!1s0x94242f6caceca931:0x2d72db2ce44703e8!8m2!3d-28.4592005!4d-65.730728\" target=\"_blank\" rel=\"noopener\"><img decoding=\"async\" loading=\"lazy\" src=\"https:\/\/thumbs.dreamstime.com\/b\/icono-de-ubicaci%C3%B3n-mapa-direcci%C3%B3n-posici%C3%B3n-geogr%C3%A1fica-dise%C3%B1o-elementos-creativos-la-colecci%C3%B3n-iconos-del-mercado-valores-170317745.jpg\" alt=\"Icono de ubicaci\u00f3n, mapa, direcci\u00f3n, posici\u00f3n geogr\u00e1fica\" width=\"82\" height=\"82\"\/><\/a><figcaption class=\"wp-element-caption\">Encu\u00e9ntranos<\/figcaption><\/figure><\/div>\n\n\n<p><\/p>\n\n\n\n<p><\/p>\n","protected":false},"excerpt":{"rendered":"<p>\u00a0 \u00a0 \u00a0 \u00a0 \u00a0 \u00a0 \u00a0 \u00a0 \u00a0 \u00a0 \u00a0 \u00a0<\/p>\n","protected":false},"author":146,"featured_media":0,"parent":0,"menu_order":0,"comment_status":"closed","ping_status":"closed","template":"","meta":[],"acf":[],"_links":{"self":[{"href":"https:\/\/iescubas-cat.infd.edu.ar\/sitio\/wp-json\/wp\/v2\/pages\/789"}],"collection":[{"href":"https:\/\/iescubas-cat.infd.edu.ar\/sitio\/wp-json\/wp\/v2\/pages"}],"about":[{"href":"https:\/\/iescubas-cat.infd.edu.ar\/sitio\/wp-json\/wp\/v2\/types\/page"}],"author":[{"embeddable":true,"href":"https:\/\/iescubas-cat.infd.edu.ar\/sitio\/wp-json\/wp\/v2\/users\/146"}],"replies":[{"embeddable":true,"href":"https:\/\/iescubas-cat.infd.edu.ar\/sitio\/wp-json\/wp\/v2\/comments?post=789"}],"version-history":[{"count":10,"href":"https:\/\/iescubas-cat.infd.edu.ar\/sitio\/wp-json\/wp\/v2\/pages\/789\/revisions"}],"predecessor-version":[{"id":7342,"href":"https:\/\/iescubas-cat.infd.edu.ar\/sitio\/wp-json\/wp\/v2\/pages\/789\/revisions\/7342"}],"wp:attachment":[{"href":"https:\/\/iescubas-cat.infd.edu.ar\/sitio\/wp-json\/wp\/v2\/media?parent=789"}],"curies":[{"name":"wp","href":"https:\/\/api.w.org\/{rel}","templated":true}]}}